{"id":236,"date":"2024-06-11T20:00:48","date_gmt":"2024-06-11T18:00:48","guid":{"rendered":"https:\/\/www.accord-melodique.com\/cms\/?page_id=236"},"modified":"2024-07-10T15:47:38","modified_gmt":"2024-07-10T13:47:38","slug":"pedagogie-et-partitions","status":"publish","type":"page","link":"https:\/\/www.accord-melodique.com\/cms\/pedagogie-et-partitions\/","title":{"rendered":"P\u00e9dagogie et Partitions"},"content":{"rendered":"\n<p>La pratique d\u2019un instrument de musique est un sport des doigts de la main guid\u00e9e par les oreilles, le souffle et les yeux. Le musicien apprend \u00e0 ressentir chacun des gestes destin\u00e9s \u00e0 refl\u00e9ter son chant int\u00e9rieur, pour \u00e9laborer sa propre personnalit\u00e9 musicale, \u00e0 son rythme.<\/p>\n\n\n\n<p class=\"has-text-align-center has-x-large-font-size\"><strong>P\u00e9dagogie<\/strong><\/p>\n\n\n<div class=\"wp-block-image\">\n<figure class=\"aligncenter size-full is-resized\"><img loading=\"lazy\" decoding=\"async\" width=\"800\" height=\"820\" src=\"https:\/\/www.accord-melodique.com\/cms\/wp-content\/uploads\/2024\/06\/Discipline2-2.png\" alt=\"\" class=\"wp-image-246\" style=\"width:686px;height:auto\" srcset=\"https:\/\/www.accord-melodique.com\/cms\/wp-content\/uploads\/2024\/06\/Discipline2-2.png 800w, https:\/\/www.accord-melodique.com\/cms\/wp-content\/uploads\/2024\/06\/Discipline2-2-293x300.png 293w, https:\/\/www.accord-melodique.com\/cms\/wp-content\/uploads\/2024\/06\/Discipline2-2-768x787.png 768w, https:\/\/www.accord-melodique.com\/cms\/wp-content\/uploads\/2024\/06\/Discipline2-2-12x12.png 12w\" sizes=\"auto, (max-width: 800px) 100vw, 800px\" \/><\/figure>\n<\/div>\n\n\n<p class=\"has-text-align-center has-x-large-font-size\"><strong>Partitions<\/strong><\/p>\n\n\n\n<p class=\"has-text-align-center\"><strong>A<\/strong><\/p>\n\n\n\n<p class=\"has-text-align-center\"><a href=\"http:\/\/www.accord-melodique.com\/index_fichiers\/pdf\/A%20Felicidade%20-%20Antonio%20Carlos%20Jobim.pdf\"><strong>A Felicidade (Antonio Carlos Jobim)<\/strong><\/a><\/p>\n\n\n\n<p class=\"has-text-align-center\"><a href=\"http:\/\/www.accord-melodique.com\/index_fichiers\/pdf\/Agua%20De%20Beber%20-%20Antonio%20Carlos%20Jobim.pdf\"><strong>Agua De Beber (Antonio Carlos Jobim)<\/strong><\/a><\/p>\n\n\n\n<p class=\"has-text-align-center\"><a href=\"http:\/\/www.accord-melodique.com\/index_fichiers\/pdf\/Aria%20Sulla%20Quarta%20Corda%20-%20JS%20Bach.pdf\"><strong>Aria Sulla Quarta Corda (JS Bach)<\/strong><\/a><\/p>\n\n\n\n<p class=\"has-text-align-center\"><a href=\"http:\/\/www.accord-melodique.com\/index_fichiers\/pdf\/Armstrong%20-%20Claude%20Nougaro.pdf\"><strong>Armstrong (Claude Nougaro)<\/strong><\/a><\/p>\n\n\n\n<p class=\"has-text-align-center\"><a href=\"http:\/\/www.accord-melodique.com\/index_fichiers\/pdf\/And%20I%20Love%20Her%20-%20The%20Beatles.pdf\"><strong>And I Love Her (The Beatles)<\/strong><\/a><\/p>\n\n\n\n<p class=\"has-text-align-center\"><strong>B<\/strong><\/p>\n\n\n\n<p class=\"has-text-align-center\"><a href=\"http:\/\/www.accord-melodique.com\/index_fichiers\/pdf\/Berimbau%20-%20Baden%20Powell.pdf\"><strong>Berimbau (Baden Powell)<\/strong><\/a><\/p>\n\n\n\n<p class=\"has-text-align-center\"><a href=\"http:\/\/www.accord-melodique.com\/index_fichiers\/pdf\/Blackbird%20-%20Paul%20McCartney.pdf\"><strong>Blackbird (Paul McCartney)<\/strong><\/a><\/p>\n\n\n\n<p class=\"has-text-align-center\"><a href=\"http:\/\/www.accord-melodique.com\/index_fichiers\/pdf\/Black%20Orpheus%20-%20Luiz%20Bonfa.pdf\"><strong>Black Orpheus (Luiz Bonf<\/strong><strong>\u00e1<\/strong><strong>)<\/strong><\/a><\/p>\n\n\n\n<p class=\"has-text-align-center\"><a href=\"http:\/\/www.accord-melodique.com\/index_fichiers\/pdf\/Blue%20Bossa%20-%20Kenny%20Dorham.pdf\"><strong>Blue Bossa (Kenny Dorham)<\/strong><\/a><\/p>\n\n\n\n<p class=\"has-text-align-center\"><strong>C<\/strong><\/p>\n\n\n\n<p class=\"has-text-align-center\"><a href=\"http:\/\/www.accord-melodique.com\/index_fichiers\/pdf\/Camarera%20de%20mi%20amor%20-%20Antonio%20Machin.pdf\"><strong>Camarera de mi amor (Antonio Mach\u00edn)<\/strong><\/a><\/p>\n\n\n\n<p class=\"has-text-align-center\"><a href=\"http:\/\/www.accord-melodique.com\/index_fichiers\/pdf\/Ce%20r%C3%AAve%20bleu%20-%20Alan%20Menken.pdf\"><strong>Ce r\u00eave bleu (Alan Menken)<\/strong><\/a><\/p>\n\n\n\n<p class=\"has-text-align-center\"><a href=\"http:\/\/www.accord-melodique.com\/index_fichiers\/pdf\/Cheek%20To%20Cheek%20-%20Irving%20Berlin.pdf\"><strong>Cheek To Cheek (Irving Berlin)<\/strong><\/a><\/p>\n\n\n\n<p class=\"has-text-align-center\"><a href=\"http:\/\/www.accord-melodique.com\/index_fichiers\/pdf\/Country%20Jingle%20Bells%20-%20James%20Lord%20Pierpont.pdf\"><strong>Country Jingle Bells (James Lord Pierpont)<\/strong><\/a><\/p>\n\n\n\n<p class=\"has-text-align-center\"><a href=\"http:\/\/www.accord-melodique.com\/index_fichiers\/pdf\/Crazy%20-%20Willie%20Nelson.pdf\"><strong>Crazy (Willie Nelson)<\/strong><\/a><\/p>\n\n\n\n<p class=\"has-text-align-center\"><strong>D<\/strong><\/p>\n\n\n\n<p class=\"has-text-align-center\"><a href=\"http:\/\/www.accord-melodique.com\/index_fichiers\/pdf\/Don't%20Get%20Around%20Much%20Anymore%20-%20Duke%20Ellington.pdf\"><strong>Don\u2019t Get Around Much Anymore (Duke Elligton)<\/strong><\/a><\/p>\n\n\n\n<p class=\"has-text-align-center\"><a href=\"http:\/\/www.accord-melodique.com\/index_fichiers\/pdf\/Dust%20In%20The%20Wind%20-%20Kerry%20Livgren.pdf\"><strong>Dust In The Wind (Kerry Livgren)<\/strong><\/a><\/p>\n\n\n\n<p class=\"has-text-align-center\"><strong>E<\/strong><\/p>\n\n\n\n<p class=\"has-text-align-center\"><a href=\"http:\/\/www.accord-melodique.com\/index_fichiers\/pdf\/Estate%20-%20Bruno%20Martino.pdf\"><strong>Estate (Bruno Martino)<\/strong><\/a><\/p>\n\n\n\n<p class=\"has-text-align-center\"><a href=\"http:\/\/www.accord-melodique.com\/index_fichiers\/pdf\/Estudio%20II%20-%20Fernando%20Sor.pdf\"><strong>Estudio II (Fernando Sor)<\/strong><\/a><\/p>\n\n\n\n<p class=\"has-text-align-center\"><a href=\"http:\/\/www.accord-melodique.com\/index_fichiers\/pdf\/Estudio%20IV%20-%20Fernando%20Sor.pdf\"><strong>Estudio IV (Fernando Sor)<\/strong><\/a><\/p>\n\n\n\n<p class=\"has-text-align-center\"><a href=\"http:\/\/www.accord-melodique.com\/index_fichiers\/pdf\/Estudio%2017%20-%20Fernando%20Sor.pdf\"><strong>Estudio n\u00b017 (Fernando Sor)<\/strong><\/a><\/p>\n\n\n\n<p class=\"has-text-align-center\"><a href=\"http:\/\/www.accord-melodique.com\/index_fichiers\/pdf\/Etude%20-%20Francisco%20Tarrega.pdf\"><strong>Etude (Francisco T<\/strong><strong>\u00e1<\/strong><strong>rrega)<\/strong><\/a><\/p>\n\n\n\n<p class=\"has-text-align-center\"><strong>F<\/strong><\/p>\n\n\n\n<p class=\"has-text-align-center\"><a href=\"http:\/\/www.accord-melodique.com\/index_fichiers\/pdf\/Fais%20comme%20l'oiseau%20-%20Michel%20Fugain.pdf\"><strong>Fais comme l\u2019oiseau (Michel Fugain)<\/strong><\/a><\/p>\n\n\n\n<p class=\"has-text-align-center\"><a href=\"http:\/\/www.accord-melodique.com\/index_fichiers\/pdf\/Falando%20De%20Amor%20-%20Tom%20Jobim.pdf\"><strong>Falando De Amor (Tom Jobim)<\/strong><\/a><\/p>\n\n\n\n<p class=\"has-text-align-center\"><strong>G<\/strong><\/p>\n\n\n\n<p class=\"has-text-align-center\"><a href=\"http:\/\/www.accord-melodique.com\/index_fichiers\/pdf\/Georgia%20On%20My%20Mind%20-%20Hoagy%20Carmichael.pdf\"><strong>Georgia On My Mind (Hoagy Carmichael)<\/strong><\/a><\/p>\n\n\n\n<p class=\"has-text-align-center\"><a href=\"http:\/\/www.accord-melodique.com\/index_fichiers\/pdf\/Girl%20Talk%20-%20Neal%20Hefti.pdf\"><strong>Girl Talk (Neal Hefti)<\/strong><\/a><\/p>\n\n\n\n<p class=\"has-text-align-center\"><strong>H<\/strong><\/p>\n\n\n\n<p class=\"has-text-align-center\"><a href=\"http:\/\/www.accord-melodique.com\/index_fichiers\/pdf\/Historia%20de%20un%20Amor%20-%20Carlos%20Eleta%20Almaran.pdf\"><strong>Historia de un amor (Carlos Eleta Almar\u00e1n)<\/strong><\/a><\/p>\n\n\n\n<p class=\"has-text-align-center\"><a href=\"http:\/\/www.accord-melodique.com\/index_fichiers\/pdf\/Hugo%20Baby%20-%20Philippe%20Merlin.pdf\"><strong>Hugo Baby (Philippe Merlin &#8211; Etienne Lesaque)<\/strong><\/a><\/p>\n\n\n\n<p class=\"has-text-align-center\"><a href=\"http:\/\/www.accord-melodique.com\/index_fichiers\/pdf\/Hugo%20Baby%20Guitare%20-%20Philippe%20Merlin.pdf\"><strong>Hugo Baby &#8211; Arr. guitare (Philippe Merlin)<\/strong><\/a><\/p>\n\n\n\n<p class=\"has-text-align-center\"><strong>I<\/strong><\/p>\n\n\n\n<p class=\"has-text-align-center\"><a href=\"http:\/\/www.accord-melodique.com\/index_fichiers\/pdf\/Il%20en%20faut%20peu%20pour%20%C3%AAtre%20heureux%20-%20Terry%20Gilkyson.pdf\"><strong>Il en faut peu pour \u00eatre heureux (Terry Gilkyson)<\/strong><\/a><\/p>\n\n\n\n<p class=\"has-text-align-center\"><a href=\"http:\/\/www.accord-melodique.com\/index_fichiers\/pdf\/Il%20faudrait%20leur%20dire%20-%20Francis%20Cabrel.pdf\"><strong>Il faudrait leur dire (Francis Cabrel)<\/strong><\/a><\/p>\n\n\n\n<p class=\"has-text-align-center\"><a href=\"http:\/\/www.accord-melodique.com\/index_fichiers\/pdf\/Imagine%20-%20John%20Lennon.pdf\"><strong>Imagine (John Lennon)<\/strong><\/a><\/p>\n\n\n\n<p class=\"has-text-align-center\"><a href=\"http:\/\/www.accord-melodique.com\/index_fichiers\/pdf\/I'm%20Beginning%20To%20See%20The%20Light%20-%20Duke%20Ellington.pdf\"><strong>I\u2019m Beginning To See The Light (Duke Ellington)<\/strong><\/a><\/p>\n\n\n\n<p class=\"has-text-align-center\"><a href=\"http:\/\/www.accord-melodique.com\/index_fichiers\/pdf\/Invention%20%23%201%20-%20Johann%20Sebastian%20Bach.pdf\"><strong>Invention n\u00b01 (Johann Sebastian Bach)<\/strong><\/a><\/p>\n\n\n\n<p class=\"has-text-align-center\"><a href=\"http:\/\/www.accord-melodique.com\/index_fichiers\/pdf\/Invention%20%23%208%20-%20Johann%20Sebastian%20Bach.pdf\"><strong>Invention n\u00b08 (Johann Sebastian Bach)<\/strong><\/a><\/p>\n\n\n\n<p class=\"has-text-align-center\"><a href=\"http:\/\/www.accord-melodique.com\/index_fichiers\/pdf\/Is%20This%20Love%20New%20-%20Bob%20Marley.pdf\"><strong>Is This Love (Bob Marley)<\/strong><\/a><\/p>\n\n\n\n<p class=\"has-text-align-center\"><a href=\"http:\/\/www.accord-melodique.com\/index_fichiers\/pdf\/Isn't%20She%20Lovely%20-%20Stevie%20Wonder.pdf\"><strong>Isn\u2019t She Lovely (Stevie Wonder)<\/strong><\/a><\/p>\n\n\n\n<p class=\"has-text-align-center\"><strong>J<\/strong><\/p>\n\n\n\n<p class=\"has-text-align-center\"><a href=\"http:\/\/www.accord-melodique.com\/index_fichiers\/pdf\/Jeux%20Interdits.pdf\"><strong>Jeux Interdits (Fernando Sor)<\/strong><\/a><\/p>\n\n\n\n<p class=\"has-text-align-center\"><strong>L<\/strong><\/p>\n\n\n\n<p class=\"has-text-align-center\"><a href=\"http:\/\/www.accord-melodique.com\/index_fichiers\/pdf\/La%20Chansonnette.pdf\"><strong>La Chansonnette (Philippe-G\u00e9rard)<\/strong><\/a><\/p>\n\n\n\n<p class=\"has-text-align-center\"><a href=\"http:\/\/www.accord-melodique.com\/index_fichiers\/pdf\/Latin%20Lovers%20-%20Lee%20Ritenour%20&amp;%20Joao%20Bosco.pdf\"><strong>Latin Lovers (Lee Ritenour)<\/strong><\/a><\/p>\n\n\n\n<p class=\"has-text-align-center\"><a href=\"http:\/\/www.accord-melodique.com\/index_fichiers\/pdf\/Le%20p%C3%A9nitencier%20-%20Hugues%20Aufray.pdf\"><strong>Le P\u00e9nitencier (Hugues Aufray)<\/strong><\/a><\/p>\n\n\n\n<p class=\"has-text-align-center\"><a href=\"http:\/\/www.accord-melodique.com\/index_fichiers\/pdf\/Le%20Sud%20-%20Nino%20Ferrer.pdf\"><strong>Le Sud (Nino Ferrer)<\/strong><\/a><\/p>\n\n\n\n<p class=\"has-text-align-center\"><a href=\"http:\/\/www.accord-melodique.com\/index_fichiers\/pdf\/Lullaby%20Of%20Birdland.pdf\"><strong>Lullaby Of Birdland (George Shearing)<\/strong><\/a><\/p>\n\n\n\n<p class=\"has-text-align-center\"><strong>M<\/strong><\/p>\n\n\n\n<p class=\"has-text-align-center\"><a href=\"http:\/\/www.accord-melodique.com\/index_fichiers\/pdf\/My%20Cherie%20Amour%20-%20Stevie%20Wonder.pdf\"><strong>My Cherie Amour (Stevie Wonder)<\/strong><\/a><\/p>\n\n\n\n<p class=\"has-text-align-center\"><a href=\"http:\/\/www.accord-melodique.com\/index_fichiers\/pdf\/My%20Foolish%20Heart%20-%20Victor%20Young.pdf\"><strong>My Foolish Heart (Victor Young)<\/strong><\/a><\/p>\n\n\n\n<p class=\"has-text-align-center\"><a href=\"http:\/\/www.accord-melodique.com\/index_fichiers\/pdf\/My%20Funny%20Valentine%20-%20Rodgers%20&amp;%20Hart.pdf\"><strong>My Funny Valentine (Rodgers &amp; Hart)<\/strong><\/a><\/p>\n\n\n\n<p class=\"has-text-align-center\"><strong>N<\/strong><\/p>\n\n\n\n<p class=\"has-text-align-center\"><a href=\"http:\/\/www.accord-melodique.com\/index_fichiers\/pdf\/Nobody%20Knows%20You%20When%20You're%20Down%20and%20Out%20-%20Jimmy%20Cox.pdf\"><strong>Nobody Knows You When You\u2019re Down and Out (Jimmy Cox)<\/strong><\/a><\/p>\n\n\n\n<p class=\"has-text-align-center\"><a href=\"http:\/\/www.accord-melodique.com\/index_fichiers\/pdf\/Noy%20Problem%20-%20Scary%20Pockets.pdf\"><strong>Noy Problem (Scary Pockets)<\/strong><\/a><\/p>\n\n\n\n<p class=\"has-text-align-center\"><strong>O<\/strong><\/p>\n\n\n\n<p class=\"has-text-align-center\"><a href=\"http:\/\/www.accord-melodique.com\/index_fichiers\/pdf\/Our%20Love%20-%20Al%20Jarreau.pdf\"><strong>Our Love (Al Jarreau)<\/strong><\/a><\/p>\n\n\n\n<p class=\"has-text-align-center\"><strong>P<\/strong><\/p>\n\n\n\n<p class=\"has-text-align-center\"><a href=\"http:\/\/www.accord-melodique.com\/index_fichiers\/pdf\/Petite%20Fleur%20-%20Sydney%20Bechet.pdf\"><strong>Petite Fleur (Sydney Bechet)<\/strong><\/a><\/p>\n\n\n\n<p class=\"has-text-align-center\"><a href=\"http:\/\/www.accord-melodique.com\/index_fichiers\/pdf\/Piensa%20En%20Mi%20-%20Agustin%20Lara.pdf\"><strong>Piensa En Mi (Agustin Lara)<\/strong><\/a><\/p>\n\n\n\n<p class=\"has-text-align-center\"><a href=\"http:\/\/www.accord-melodique.com\/index_fichiers\/pdf\/Prelude%20-%20JS%20Bach.pdf\"><strong>Pr\u00e9lude (J.S. Bach)<\/strong><\/a><\/p>\n\n\n\n<p class=\"has-text-align-center\"><a href=\"http:\/\/www.accord-melodique.com\/index_fichiers\/pdf\/Prelude%20I%20Piano%20-%20JS%20Bach.pdf\"><strong>Prelude I\u2014Piano (J.S. Bach)<\/strong><\/a><\/p>\n\n\n\n<p class=\"has-text-align-center\"><strong>Q<\/strong><\/p>\n\n\n\n<p class=\"has-text-align-center\"><a href=\"http:\/\/www.accord-melodique.com\/index_fichiers\/pdf\/Quizas%20quizas%20quizas%20-%20Osvaldo%20Farres.pdf\"><strong>Quiz<\/strong><strong>\u00e1<\/strong><strong>s, Quiz<\/strong><strong>\u00e1<\/strong><strong>s, Quiz<\/strong><strong>\u00e1<\/strong><strong>s (Osvaldo Farres\u2014Joe Davis)<\/strong><\/a><\/p>\n\n\n\n<p class=\"has-text-align-center\"><strong>R<\/strong><\/p>\n\n\n\n<p class=\"has-text-align-center\"><a href=\"http:\/\/www.accord-melodique.com\/index_fichiers\/pdf\/Raindrops%20Keep%20Falling%20On%20My%20Head%20-%20BJ%20Thomas.pdf\"><strong>Raindrops Keep Falling On My Head (BJ Thomas)<\/strong><\/a><\/p>\n\n\n\n<p class=\"has-text-align-center\"><a href=\"http:\/\/www.accord-melodique.com\/index_fichiers\/pdf\/Redemption%20Song%20-%20Bob%20Marley.pdf\"><strong>Redemption Song (Bob Marley)<\/strong><\/a><\/p>\n\n\n\n<p class=\"has-text-align-center\"><strong>S<\/strong><\/p>\n\n\n\n<p class=\"has-text-align-center\"><a href=\"http:\/\/www.accord-melodique.com\/index_fichiers\/pdf\/San%20Francisco%20-%20Maxime%20Le%20Forestier.pdf\"><strong>San Francisco (Maxime Le Forestier)<\/strong><\/a><\/p>\n\n\n\n<p class=\"has-text-align-center\"><a href=\"http:\/\/www.accord-melodique.com\/index_fichiers\/pdf\/Saint%20James%20Infirmary%20-%20Armstrong.pdf\"><strong>Saint James Infirmary<\/strong><\/a><\/p>\n\n\n\n<p class=\"has-text-align-center\"><a href=\"http:\/\/www.accord-melodique.com\/index_fichiers\/pdf\/Santa%20Baby%20-%20Scary%20Pockets.pdf\"><strong>Santa Baby (Joan Javits &amp; Philip Springer)<\/strong><\/a><\/p>\n\n\n\n<p class=\"has-text-align-center\"><a href=\"http:\/\/www.accord-melodique.com\/index_fichiers\/pdf\/Shape%20Of%20My%20Heart%20-%20Sting.pdf\"><strong>Shape Of My Heart (Sting)<\/strong><\/a><\/p>\n\n\n\n<p class=\"has-text-align-center\"><a href=\"http:\/\/www.accord-melodique.com\/index_fichiers\/pdf\/Silent%20Night%20-%20Franz%20Xaver%20Gruber.pdf\"><strong>Silent Night (Franz Xaver Gruber)<\/strong><\/a><\/p>\n\n\n\n<p class=\"has-text-align-center\"><a href=\"http:\/\/www.accord-melodique.com\/index_fichiers\/pdf\/Sir%20Duke%20-%20Stevie%20Wonder.pdf\"><strong>Sir Duke (Stevie Wonder)<\/strong><\/a><\/p>\n\n\n\n<p class=\"has-text-align-center\"><a href=\"http:\/\/www.accord-melodique.com\/index_fichiers\/pdf\/Sleepers,%20Wake%20-%20Johann%20Sebastian%20Bach.pdf\"><strong>Sleepers, Wake (Johann Sebastian Bach)<\/strong><\/a><\/p>\n\n\n\n<p class=\"has-text-align-center\"><a href=\"http:\/\/www.accord-melodique.com\/index_fichiers\/pdf\/Sleepwalk%20-%20Larry%20Carlton.pdf\"><strong>Sleepwalk (Larry Carlton)<\/strong><\/a><\/p>\n\n\n\n<p class=\"has-text-align-center\"><a href=\"http:\/\/www.accord-melodique.com\/index_fichiers\/pdf\/Smile%20-%20Charlie%20Chaplin.pdf\"><strong>Smile (Charlie Chaplin)<\/strong><\/a><\/p>\n\n\n\n<p class=\"has-text-align-center\"><a href=\"http:\/\/www.accord-melodique.com\/index_fichiers\/pdf\/Song%20for%20my%20father%20-%20Horace%20Silver.pdf\"><strong>Song For My Father (Horace Silver)<\/strong><\/a><\/p>\n\n\n\n<p class=\"has-text-align-center\"><a href=\"http:\/\/www.accord-melodique.com\/index_fichiers\/pdf\/St.%20Thomas%20-%20Sonny%20Rollins.pdf\"><strong>St. Thomas (Sonny Rolins)<\/strong><\/a><\/p>\n\n\n\n<p class=\"has-text-align-center\"><a href=\"file:\/\/\/C:\/Users\/PC%20de%20Philippe\/OneDrive\/Documents\/Finale%20Files\/Fichiers%20Finale\/Production\/pdf\/Stairway%20To%20Heaven.pdf\"><strong>Stairway To Heaven (Led Zeppelin)<\/strong><\/a><\/p>\n\n\n\n<p class=\"has-text-align-center\"><a href=\"http:\/\/www.accord-melodique.com\/index_fichiers\/pdf\/Stand%20By%20Me%20-%20Ben%20E%20King.pdf\"><strong>Stand By Me (Ben E King)<\/strong><\/a><\/p>\n\n\n\n<p class=\"has-text-align-center\"><a href=\"http:\/\/www.accord-melodique.com\/index_fichiers\/pdf\/Suicide%20Is%20Painless%20-%20Johnny%20Mandel.pdf\"><strong>Suicide Is Painless \u2014M.A.S.H.\u2014 (Johnny Mandel)<\/strong><\/a><\/p>\n\n\n\n<p class=\"has-text-align-center\"><a href=\"http:\/\/www.accord-melodique.com\/index_fichiers\/pdf\/Suite%20n1%20Prelude%20-%20JS%20Bach.pdf\"><strong>Suite n\u00b01 Prelude (JS Bach)<\/strong><\/a><\/p>\n\n\n\n<p class=\"has-text-align-center\"><a href=\"http:\/\/www.accord-melodique.com\/index_fichiers\/pdf\/Sunny%20-%20Bobby%20Hebb.pdf\"><strong>Sunny (Bobby Hebb)<\/strong><\/a><\/p>\n\n\n\n<p class=\"has-text-align-center\"><a href=\"http:\/\/www.accord-melodique.com\/index_fichiers\/pdf\/Sway%20-%20Pablo%20Beltran%20Ruiz.pdf\"><strong>Sway (Pablo Beltr\u00e1n Ruiz)<\/strong><\/a><\/p>\n\n\n\n<p class=\"has-text-align-center\"><a href=\"http:\/\/www.accord-melodique.com\/index_fichiers\/pdf\/Sweet%20Home%20Chicago%20-%20Robert%20Johnson.pdf\"><strong>Sweet Home Chicago (Robert Johnson)<\/strong><\/a><\/p>\n\n\n\n<p class=\"has-text-align-center\"><strong>T<\/strong><\/p>\n\n\n\n<p class=\"has-text-align-center\"><a href=\"http:\/\/www.accord-melodique.com\/index_fichiers\/pdf\/Tears%20-%20Django%20Reinhardt%20St%C3%A9phane%20Grappelli.pdf\"><strong>Tears (Django Reinhardt)<\/strong><\/a><\/p>\n\n\n\n<p class=\"has-text-align-center\"><a href=\"http:\/\/www.accord-melodique.com\/index_fichiers\/pdf\/Tears%20In%20Heaven.pdf\"><strong>Tears In Heaven (Eric Clapton)<\/strong><\/a><\/p>\n\n\n\n<p class=\"has-text-align-center\"><a href=\"http:\/\/www.accord-melodique.com\/index_fichiers\/pdf\/The%20Long%20And%20Winding%20Road%20-%20John%20Lennon%20&amp;%20Paul%20McCartney.pdf\"><strong>The Long and Winding Road (John Lennon &amp; Paul McCartney)<\/strong><\/a><\/p>\n\n\n\n<p class=\"has-text-align-center\"><a href=\"http:\/\/www.accord-melodique.com\/index_fichiers\/pdf\/The%20Shadow%20Of%20Your%20Smile%20-%20Johnny%20Mandel.pdf\"><strong>The Shadow Of Your Smile (Johnny Mandel)<\/strong><\/a><\/p>\n\n\n\n<p class=\"has-text-align-center\"><a href=\"http:\/\/www.accord-melodique.com\/index_fichiers\/pdf\/Those%20Were%20The%20Days%20My%20Friend%20-%20Boris%20Fomin.pdf\"><strong>Those Were The Days My Friend (Boris Fomin)<\/strong><\/a><\/p>\n\n\n\n<p class=\"has-text-align-center\"><a href=\"http:\/\/www.accord-melodique.com\/index_fichiers\/pdf\/Time%20After%20Time%20-%20Cindy%20Lauper.pdf\"><strong>Time After Time (Cindy Lauper)<\/strong><\/a><\/p>\n\n\n\n<p class=\"has-text-align-center\"><a href=\"http:\/\/www.accord-melodique.com\/index_fichiers\/pdf\/Tu%20Verras%20-%20Claude%20Nougaro.pdf\"><strong>Tu Verras (Claude Nougaro)<\/strong><\/a><\/p>\n\n\n\n<p class=\"has-text-align-center\"><strong>V<\/strong><\/p>\n\n\n\n<p class=\"has-text-align-center\"><a href=\"http:\/\/www.accord-melodique.com\/index_fichiers\/pdf\/Veinte%20Anos%20-%20Maria%20Teresa%20Vera.pdf\"><strong>Veinte A\u00f1os (Mar\u00eda Teresa Vera)<\/strong><\/a><\/p>\n\n\n\n<p class=\"has-text-align-center\"><strong>W<\/strong><\/p>\n\n\n\n<p class=\"has-text-align-center\"><a href=\"http:\/\/www.accord-melodique.com\/index_fichiers\/pdf\/Waiting%20for%20Susie%20B.%20-%20Chet%20Atkins.pdf\"><strong>Waiting for Susie B. (Chet Atkins)<\/strong><\/a><\/p>\n\n\n\n<p class=\"has-text-align-center\"><a href=\"http:\/\/www.accord-melodique.com\/index_fichiers\/pdf\/Watermelon%20Man%20-%20Herbie%20Hancock.pdf\"><strong>Watermelon Man (Herbie Hancock)<\/strong><\/a><\/p>\n\n\n\n<p class=\"has-text-align-center\"><a href=\"http:\/\/www.accord-melodique.com\/index_fichiers\/pdf\/What%20A%20Wonderful%20World%20-%20Weiss%20Thiele.pdf\"><strong>What A Wonderful World (Weiss\u2014Thiele)<\/strong><\/a><\/p>\n\n\n\n<p class=\"has-text-align-center\"><strong>Y<\/strong><\/p>\n\n\n\n<p class=\"has-text-align-center\"><a href=\"http:\/\/www.accord-melodique.com\/index_fichiers\/pdf\/Yesterday.pdf\"><strong>Yesterday (The Beatles)<\/strong><\/a><\/p>\n\n\n\n<p class=\"has-text-align-center\"><a href=\"http:\/\/www.accord-melodique.com\/index_fichiers\/pdf\/You%20Are%20The%20Sunshine%20Of%20My%20Life%20-%20Stevie%20Wonder.pdf\"><strong>You Are The Sunshine Of My Life (Stevie Wonder)<\/strong><\/a><\/p>\n\n\n\n<p class=\"has-text-align-center\"><a href=\"http:\/\/www.accord-melodique.com\/index_fichiers\/pdf\/You%20Don't%20Know%20What%20Love%20Is%20-%20Raye%20DePaul.pdf\"><strong>You Don\u2019t Know What Love Is (Raye\u2014DePaul)<\/strong><\/a><\/p>\n\n\n\n<p class=\"has-text-align-center\"><a href=\"http:\/\/www.accord-melodique.com\/index_fichiers\/pdf\/You've%20Got%20A%20Friend%20-%20Carole%20King.pdf\"><strong>You\u2019ve Got A Friend (Carole King)<\/strong><\/a><\/p>\n","protected":false},"excerpt":{"rendered":"<p>La pratique d\u2019un instrument de musique est un sport des doigts de la main guid\u00e9e par les oreilles, le souffle et les yeux. Le musicien apprend \u00e0 ressentir chacun des gestes destin\u00e9s \u00e0 refl\u00e9ter son chant int\u00e9rieur, pour \u00e9laborer sa propre personnalit\u00e9 musicale, \u00e0 son rythme. P\u00e9dagogie Partitions A A Felicidade (Antonio Carlos Jobim) Agua [&hellip;]<\/p>\n","protected":false},"author":1,"featured_media":0,"parent":0,"menu_order":5,"comment_status":"closed","ping_status":"closed","template":"","meta":{"_kadence_starter_templates_imported_post":false,"footnotes":""},"class_list":["post-236","page","type-page","status-publish","hentry"],"_links":{"self":[{"href":"https:\/\/www.accord-melodique.com\/cms\/wp-json\/wp\/v2\/pages\/236","targetHints":{"allow":["GET"]}}],"collection":[{"href":"https:\/\/www.accord-melodique.com\/cms\/wp-json\/wp\/v2\/pages"}],"about":[{"href":"https:\/\/www.accord-melodique.com\/cms\/wp-json\/wp\/v2\/types\/page"}],"author":[{"embeddable":true,"href":"https:\/\/www.accord-melodique.com\/cms\/wp-json\/wp\/v2\/users\/1"}],"replies":[{"embeddable":true,"href":"https:\/\/www.accord-melodique.com\/cms\/wp-json\/wp\/v2\/comments?post=236"}],"version-history":[{"count":14,"href":"https:\/\/www.accord-melodique.com\/cms\/wp-json\/wp\/v2\/pages\/236\/revisions"}],"predecessor-version":[{"id":375,"href":"https:\/\/www.accord-melodique.com\/cms\/wp-json\/wp\/v2\/pages\/236\/revisions\/375"}],"wp:attachment":[{"href":"https:\/\/www.accord-melodique.com\/cms\/wp-json\/wp\/v2\/media?parent=236"}],"curies":[{"name":"wp","href":"https:\/\/api.w.org\/{rel}","templated":true}]}}