{"id":228,"date":"2024-06-10T20:27:29","date_gmt":"2024-06-10T18:27:29","guid":{"rendered":"https:\/\/www.accord-melodique.com\/cms\/?page_id=228"},"modified":"2024-07-08T08:03:38","modified_gmt":"2024-07-08T06:03:38","slug":"enseignement-sur-internet","status":"publish","type":"page","link":"https:\/\/www.accord-melodique.com\/cms\/enseignement-sur-internet\/","title":{"rendered":"Internet &#8211; Langues"},"content":{"rendered":"\n<p>L\u2019enseignement \u00e0 distance est une chance !<\/p>\n\n\n\n<p><\/p>\n\n\n\n<p>L\u2019enseignement \u00e0 distance est id\u00e9al pour \u00e9viter les d\u00e9placements.<\/p>\n\n\n\n<p>O\u00f9 que vous soyez FaceTime, Skype ou WhatsApp sont \u00e0 port\u00e9e de main.<\/p>\n\n\n\n<p>Nous sommes confortablement install\u00e9s, avec nos instruments et en ligne.<\/p>\n\n\n\n<p>Je vous offre la premi\u00e8re heure de cours, sans engagement de votre part<\/p>\n\n\n\n<p>Se habla Espa\u00f1ol<\/p>\n\n\n\n<p>English spoken<\/p>\n\n\n<div class=\"wp-block-image\">\n<figure class=\"aligncenter size-large is-resized\"><img loading=\"lazy\" decoding=\"async\" width=\"1024\" height=\"776\" src=\"https:\/\/www.accord-melodique.com\/cms\/wp-content\/uploads\/2024\/06\/ordi-1024x776.png\" alt=\"\" class=\"wp-image-269\" style=\"width:482px;height:auto\" srcset=\"https:\/\/www.accord-melodique.com\/cms\/wp-content\/uploads\/2024\/06\/ordi-1024x776.png 1024w, https:\/\/www.accord-melodique.com\/cms\/wp-content\/uploads\/2024\/06\/ordi-300x227.png 300w, https:\/\/www.accord-melodique.com\/cms\/wp-content\/uploads\/2024\/06\/ordi-768x582.png 768w, https:\/\/www.accord-melodique.com\/cms\/wp-content\/uploads\/2024\/06\/ordi-16x12.png 16w, https:\/\/www.accord-melodique.com\/cms\/wp-content\/uploads\/2024\/06\/ordi.png 1500w\" sizes=\"auto, (max-width: 1024px) 100vw, 1024px\" \/><\/figure>\n<\/div>","protected":false},"excerpt":{"rendered":"<p>L\u2019enseignement \u00e0 distance est une chance ! L\u2019enseignement \u00e0 distance est id\u00e9al pour \u00e9viter les d\u00e9placements. O\u00f9 que vous soyez FaceTime, Skype ou WhatsApp sont \u00e0 port\u00e9e de main. Nous sommes confortablement install\u00e9s, avec nos instruments et en ligne. Je vous offre la premi\u00e8re heure de cours, sans engagement de votre part Se habla Espa\u00f1ol [&hellip;]<\/p>\n","protected":false},"author":1,"featured_media":0,"parent":0,"menu_order":4,"comment_status":"closed","ping_status":"closed","template":"","meta":{"_kadence_starter_templates_imported_post":false,"footnotes":""},"class_list":["post-228","page","type-page","status-publish","hentry"],"_links":{"self":[{"href":"https:\/\/www.accord-melodique.com\/cms\/wp-json\/wp\/v2\/pages\/228","targetHints":{"allow":["GET"]}}],"collection":[{"href":"https:\/\/www.accord-melodique.com\/cms\/wp-json\/wp\/v2\/pages"}],"about":[{"href":"https:\/\/www.accord-melodique.com\/cms\/wp-json\/wp\/v2\/types\/page"}],"author":[{"embeddable":true,"href":"https:\/\/www.accord-melodique.com\/cms\/wp-json\/wp\/v2\/users\/1"}],"replies":[{"embeddable":true,"href":"https:\/\/www.accord-melodique.com\/cms\/wp-json\/wp\/v2\/comments?post=228"}],"version-history":[{"count":7,"href":"https:\/\/www.accord-melodique.com\/cms\/wp-json\/wp\/v2\/pages\/228\/revisions"}],"predecessor-version":[{"id":305,"href":"https:\/\/www.accord-melodique.com\/cms\/wp-json\/wp\/v2\/pages\/228\/revisions\/305"}],"wp:attachment":[{"href":"https:\/\/www.accord-melodique.com\/cms\/wp-json\/wp\/v2\/media?parent=228"}],"curies":[{"name":"wp","href":"https:\/\/api.w.org\/{rel}","templated":true}]}}