{"id":116,"date":"2024-06-09T17:53:31","date_gmt":"2024-06-09T15:53:31","guid":{"rendered":"https:\/\/www.accord-melodique.com\/cms\/index.php\/contact\/"},"modified":"2024-07-10T10:29:55","modified_gmt":"2024-07-10T08:29:55","slug":"contact","status":"publish","type":"page","link":"https:\/\/www.accord-melodique.com\/cms\/contact\/","title":{"rendered":"Contact &#8211; Modalit\u00e9s"},"content":{"rendered":"\n<p>Contact &#8211; Modalit\u00e9s<\/p>\n\n\n\n<p><strong><strong>Musicien \u2014 Enseignant<\/strong><\/strong><\/p>\n\n\n\n<p><strong>Philippe Merlin<\/strong><\/p>\n\n\n\n<p><strong>Contact :&nbsp;+33 6 75 03 40 63&nbsp; \u2014&nbsp; pmerlin17@gmail.com<\/strong><\/p>\n\n\n\n<p>J\u2019habite Marly Le Roi (Yvelines) et me d\u00e9place fr\u00e9quemment pour donner des cours \u00e0 domicile dans toute la r\u00e9gion.<\/p>\n\n\n\n<p>Je donne \u00e9galement des cours \u00e0 mon propre domicile, ainsi que sur internet.<\/p>\n\n\n\n<p>Honoraires :&nbsp;&nbsp;&nbsp;&nbsp;&nbsp;&nbsp;&nbsp;&nbsp; <\/p>\n\n\n\n<p>&#8211; 40\u20ac l\u2019heure \u00e0 votre domicile&nbsp;&nbsp;&nbsp;&nbsp;&nbsp;&nbsp;&nbsp;&nbsp;<\/p>\n\n\n\n<p>                            &#8211; 30\u20ac l\u2019heure \u00e0 mon domicile ou sur internet<\/p>\n\n\n\n<p>R\u00e8glement par&nbsp;<a href=\"https:\/\/www.cesu.urssaf.fr\/info\/accueil\/utiliser-le-cesu\/le-service-cesu\/comment-activer-le-cesu.html\">Cesu+<\/a><\/p>\n\n\n\n<p><img loading=\"lazy\" decoding=\"async\" width=\"20\" height=\"20\" class=\"wp-image-362\" style=\"width: 20px;\" src=\"http:\/\/www.accord-melodique.com\/cms\/wp-content\/uploads\/2024\/07\/france_petit.png\" alt=\"\" srcset=\"https:\/\/www.accord-melodique.com\/cms\/wp-content\/uploads\/2024\/07\/france_petit.png 30w, https:\/\/www.accord-melodique.com\/cms\/wp-content\/uploads\/2024\/07\/france_petit-12x12.png 12w\" sizes=\"auto, (max-width: 20px) 100vw, 20px\" \/>  <a href=\"http:\/\/www.accord-melodique.com\/cms\/wp-content\/uploads\/2024\/07\/Contrat-de-Cours-Particuliers-2.pdf\">Contrat de Cours Particuliers<\/a><\/p>\n\n\n\n<p><img loading=\"lazy\" decoding=\"async\" width=\"20\" height=\"20\" class=\"wp-image-363\" style=\"width: 20px;\" src=\"http:\/\/www.accord-melodique.com\/cms\/wp-content\/uploads\/2024\/07\/usa_petit.png\" alt=\"\" srcset=\"https:\/\/www.accord-melodique.com\/cms\/wp-content\/uploads\/2024\/07\/usa_petit.png 30w, https:\/\/www.accord-melodique.com\/cms\/wp-content\/uploads\/2024\/07\/usa_petit-12x12.png 12w\" sizes=\"auto, (max-width: 20px) 100vw, 20px\" \/>  <a href=\"http:\/\/www.accord-melodique.com\/cms\/wp-content\/uploads\/2024\/07\/Private-Teacher-Contract.pdf\">Private Teacher Contract<\/a><\/p>\n\n\n\n<figure class=\"wp-block-image size-full\"><img loading=\"lazy\" decoding=\"async\" width=\"361\" height=\"407\" src=\"https:\/\/www.accord-melodique.com\/cms\/wp-content\/uploads\/2024\/06\/image.png\" alt=\"\" class=\"wp-image-216\" srcset=\"https:\/\/www.accord-melodique.com\/cms\/wp-content\/uploads\/2024\/06\/image.png 361w, https:\/\/www.accord-melodique.com\/cms\/wp-content\/uploads\/2024\/06\/image-266x300.png 266w, https:\/\/www.accord-melodique.com\/cms\/wp-content\/uploads\/2024\/06\/image-11x12.png 11w\" sizes=\"auto, (max-width: 361px) 100vw, 361px\" \/><\/figure>\n","protected":false},"excerpt":{"rendered":"<p>Contact &#8211; Modalit\u00e9s Musicien \u2014 Enseignant Philippe Merlin Contact :&nbsp;+33 6 75 03 40 63&nbsp; \u2014&nbsp; pmerlin17@gmail.com J\u2019habite Marly Le Roi (Yvelines) et me d\u00e9place fr\u00e9quemment pour donner des cours \u00e0 domicile dans toute la r\u00e9gion. Je donne \u00e9galement des cours \u00e0 mon propre domicile, ainsi que sur internet. Honoraires :&nbsp;&nbsp;&nbsp;&nbsp;&nbsp;&nbsp;&nbsp;&nbsp; &#8211; 40\u20ac l\u2019heure \u00e0 [&hellip;]<\/p>\n","protected":false},"author":1,"featured_media":0,"parent":0,"menu_order":3,"comment_status":"closed","ping_status":"closed","template":"template\/template-contact.php","meta":{"_kadence_starter_templates_imported_post":false,"footnotes":""},"class_list":["post-116","page","type-page","status-publish","hentry"],"_links":{"self":[{"href":"https:\/\/www.accord-melodique.com\/cms\/wp-json\/wp\/v2\/pages\/116","targetHints":{"allow":["GET"]}}],"collection":[{"href":"https:\/\/www.accord-melodique.com\/cms\/wp-json\/wp\/v2\/pages"}],"about":[{"href":"https:\/\/www.accord-melodique.com\/cms\/wp-json\/wp\/v2\/types\/page"}],"author":[{"embeddable":true,"href":"https:\/\/www.accord-melodique.com\/cms\/wp-json\/wp\/v2\/users\/1"}],"replies":[{"embeddable":true,"href":"https:\/\/www.accord-melodique.com\/cms\/wp-json\/wp\/v2\/comments?post=116"}],"version-history":[{"count":28,"href":"https:\/\/www.accord-melodique.com\/cms\/wp-json\/wp\/v2\/pages\/116\/revisions"}],"predecessor-version":[{"id":367,"href":"https:\/\/www.accord-melodique.com\/cms\/wp-json\/wp\/v2\/pages\/116\/revisions\/367"}],"wp:attachment":[{"href":"https:\/\/www.accord-melodique.com\/cms\/wp-json\/wp\/v2\/media?parent=116"}],"curies":[{"name":"wp","href":"https:\/\/api.w.org\/{rel}","templated":true}]}}