{"id":113,"date":"2024-06-09T17:53:31","date_gmt":"2024-06-09T15:53:31","guid":{"rendered":"https:\/\/www.accord-melodique.com\/cms\/index.php\/about\/"},"modified":"2024-07-10T15:41:34","modified_gmt":"2024-07-10T13:41:34","slug":"about","status":"publish","type":"page","link":"https:\/\/www.accord-melodique.com\/cms\/","title":{"rendered":"Accueil"},"content":{"rendered":"\n<p class=\"has-text-align-left has-medium-font-size\"><strong><strong>Cours de guitare<\/strong><\/strong><\/p>\n\n\n\n<p class=\"has-text-align-left\">et d\u2019initiation au piano, au chant et \u00e0 la guitare basse<\/p>\n\n\n\n<p class=\"has-large-font-size\"><strong>Jouez la musique que vous aimez<\/strong><\/p>\n\n\n\n<p><strong>Plaisir, \u00e9coute&nbsp;et technique<\/strong><\/p>\n\n\n\n<p>Vous jouez de la guitare ou projetez d\u2019en jouer : je peux vous aider \u00e0 progresser.<br>D\u00e9butant ou confirm\u00e9, vous cherchez \u00e0 d\u00e9passer vos limites, \u00e0 interpr\u00e9ter la musique que vous aimez : classique, jazz, rock &#8230; votre musique\u00a0!<\/p>\n\n\n\n<p><br>Je suis passionn\u00e9 de musique et de p\u00e9dagogie : accueillir votre talent pour d\u00e9passer vos difficult\u00e9s.<br>La musique est une tradition orale n\u00e9e de l\u2019\u00e9coute de l\u2019autre, de la nature et du son des mat\u00e9riaux ; une histoire \u00e9crite, interpr\u00e9t\u00e9e et partag\u00e9e par toutes les cultures du monde.<br><\/p>\n\n\n\n<p>Apprendre la musique, c\u2019est acc\u00e9der \u00e0 une \u0153uvre immense, intimement partag\u00e9e.<br>Le corps est \u00e0 l\u2019origine et l\u2019aboutissement de l\u2019\u00e9motion ; si le corps et l\u2019esprit sont en accord, la musique vous appartient !<\/p>\n\n\n\n<p class=\"has-text-align-right\"><\/p>\n\n\n\n<div class=\"wp-block-columns is-layout-flex wp-container-core-columns-is-layout-9d6595d7 wp-block-columns-is-layout-flex\">\n<div class=\"wp-block-column is-layout-flow wp-block-column-is-layout-flow\">\n<figure class=\"wp-block-image size-full\"><a href=\"https:\/\/lutherie-guitare.org\/wiki\/Antonio_de_Torres\"><img loading=\"lazy\" decoding=\"async\" width=\"368\" height=\"150\" src=\"https:\/\/www.accord-melodique.com\/cms\/wp-content\/uploads\/2024\/06\/Classqiue3.png\" alt=\"\" class=\"wp-image-187\" srcset=\"https:\/\/www.accord-melodique.com\/cms\/wp-content\/uploads\/2024\/06\/Classqiue3.png 368w, https:\/\/www.accord-melodique.com\/cms\/wp-content\/uploads\/2024\/06\/Classqiue3-300x122.png 300w, https:\/\/www.accord-melodique.com\/cms\/wp-content\/uploads\/2024\/06\/Classqiue3-18x7.png 18w\" sizes=\"auto, (max-width: 368px) 100vw, 368px\" \/><\/a><figcaption class=\"wp-element-caption\">Cr\u00e9\u00e9e en 1874 par le luthier espagnol Antonio de Torres<\/figcaption><\/figure>\n<\/div>\n\n\n\n<div class=\"wp-block-column is-layout-flow wp-block-column-is-layout-flow\">\n<figure class=\"wp-block-image size-full\"><a href=\"https:\/\/collectionsdumusee.philharmoniedeparis.fr\/0701355-portrait-leo-fender.aspx?_lg=fr-FR\"><img loading=\"lazy\" decoding=\"async\" width=\"393\" height=\"135\" src=\"https:\/\/www.accord-melodique.com\/cms\/wp-content\/uploads\/2024\/06\/fender2.png\" alt=\"\" class=\"wp-image-188\" srcset=\"https:\/\/www.accord-melodique.com\/cms\/wp-content\/uploads\/2024\/06\/fender2.png 393w, https:\/\/www.accord-melodique.com\/cms\/wp-content\/uploads\/2024\/06\/fender2-300x103.png 300w, https:\/\/www.accord-melodique.com\/cms\/wp-content\/uploads\/2024\/06\/fender2-18x6.png 18w\" sizes=\"auto, (max-width: 393px) 100vw, 393px\" \/><\/a><figcaption class=\"wp-element-caption\">Cr\u00e9\u00e9e en 1954 aux USA par Leo Fender et Doc Kaufmann, selon les croquis de Freddie Tavares<\/figcaption><\/figure>\n<\/div>\n<\/div>\n\n\n\n<div class=\"wp-block-group\"><div class=\"wp-block-group__inner-container is-layout-constrained wp-block-group-is-layout-constrained\"><div class=\"wp-block-image\">\n<figure class=\"aligncenter size-full is-resized\"><a href=\"https:\/\/www.accord-melodique.com\/cms\/enseignement-sur-internet\/\"><img loading=\"lazy\" decoding=\"async\" width=\"948\" height=\"800\" src=\"https:\/\/www.accord-melodique.com\/cms\/wp-content\/uploads\/2024\/06\/internet.png\" alt=\"\" class=\"wp-image-224\" style=\"width:146px;height:auto\" srcset=\"https:\/\/www.accord-melodique.com\/cms\/wp-content\/uploads\/2024\/06\/internet.png 948w, https:\/\/www.accord-melodique.com\/cms\/wp-content\/uploads\/2024\/06\/internet-300x253.png 300w, https:\/\/www.accord-melodique.com\/cms\/wp-content\/uploads\/2024\/06\/internet-768x648.png 768w, https:\/\/www.accord-melodique.com\/cms\/wp-content\/uploads\/2024\/06\/internet-14x12.png 14w\" sizes=\"auto, (max-width: 948px) 100vw, 948px\" \/><\/a><\/figure>\n<\/div><\/div><\/div>\n","protected":false},"excerpt":{"rendered":"<p>Cours de guitare et d\u2019initiation au piano, au chant et \u00e0 la guitare basse Jouez la musique que vous aimez Plaisir, \u00e9coute&nbsp;et technique Vous jouez de la guitare ou projetez d\u2019en jouer : je peux vous aider \u00e0 progresser.D\u00e9butant ou confirm\u00e9, vous cherchez \u00e0 d\u00e9passer vos limites, \u00e0 interpr\u00e9ter la musique que vous aimez : [&hellip;]<\/p>\n","protected":false},"author":1,"featured_media":0,"parent":0,"menu_order":1,"comment_status":"closed","ping_status":"closed","template":"template\/template-about.php","meta":{"_kadence_starter_templates_imported_post":false,"footnotes":""},"class_list":["post-113","page","type-page","status-publish","hentry"],"_links":{"self":[{"href":"https:\/\/www.accord-melodique.com\/cms\/wp-json\/wp\/v2\/pages\/113","targetHints":{"allow":["GET"]}}],"collection":[{"href":"https:\/\/www.accord-melodique.com\/cms\/wp-json\/wp\/v2\/pages"}],"about":[{"href":"https:\/\/www.accord-melodique.com\/cms\/wp-json\/wp\/v2\/types\/page"}],"author":[{"embeddable":true,"href":"https:\/\/www.accord-melodique.com\/cms\/wp-json\/wp\/v2\/users\/1"}],"replies":[{"embeddable":true,"href":"https:\/\/www.accord-melodique.com\/cms\/wp-json\/wp\/v2\/comments?post=113"}],"version-history":[{"count":43,"href":"https:\/\/www.accord-melodique.com\/cms\/wp-json\/wp\/v2\/pages\/113\/revisions"}],"predecessor-version":[{"id":370,"href":"https:\/\/www.accord-melodique.com\/cms\/wp-json\/wp\/v2\/pages\/113\/revisions\/370"}],"wp:attachment":[{"href":"https:\/\/www.accord-melodique.com\/cms\/wp-json\/wp\/v2\/media?parent=113"}],"curies":[{"name":"wp","href":"https:\/\/api.w.org\/{rel}","templated":true}]}}