{"id":272,"date":"2024-06-17T16:53:49","date_gmt":"2024-06-17T14:53:49","guid":{"rendered":"https:\/\/www.accord-melodique.com\/cms\/?page_id=272"},"modified":"2024-07-10T15:42:30","modified_gmt":"2024-07-10T13:42:30","slug":"partenaires","status":"publish","type":"page","link":"https:\/\/www.accord-melodique.com\/cms\/en\/partenaires\/","title":{"rendered":"Partners"},"content":{"rendered":"<p><strong>Instrument, Music bookstore and Luthier<\/strong><\/p>\n\n\n\n<figure class=\"wp-block-table\"><table><tbody><tr><td><strong>Chorus Music<\/strong><br>Place Jehan Alain<br>78100 Saint Germain en Laye<br>01 39 21 01 29<br>Classical, acoustic and electric guitars<br>Bass guitars, amplifiers, microphones, special effects ...<\/td><td><a href=\"https:\/\/chorusmusic.fr\/\"><img loading=\"lazy\" decoding=\"async\" width=\"85\" height=\"65\" class=\"wp-image-277\" style=\"width: 85px;\" src=\"http:\/\/www.accord-melodique.com\/cms\/wp-content\/uploads\/2024\/06\/image-1.png\" alt=\"\" srcset=\"https:\/\/www.accord-melodique.com\/cms\/wp-content\/uploads\/2024\/06\/image-1.png 85w, https:\/\/www.accord-melodique.com\/cms\/wp-content\/uploads\/2024\/06\/image-1-16x12.png 16w\" sizes=\"auto, (max-width: 85px) 100vw, 85px\" \/><\/a><a href=\"http:\/\/www.chorusmusic.fr\/\"><\/a><\/td><\/tr><tr><td><strong>La Fl\u00fbte de Pan<\/strong><br>49, 53 et 59 rue de Rome<br>75008 Paris<br>01 42 93 65 05<br>The best music bookstore of France<\/td><td><a href=\"https:\/\/www.laflutedepan.com\/\"><img loading=\"lazy\" decoding=\"async\" width=\"150\" height=\"83\" class=\"wp-image-284\" style=\"width: 150px;\" src=\"http:\/\/www.accord-melodique.com\/cms\/wp-content\/uploads\/2024\/06\/image-2.png\" alt=\"\" srcset=\"https:\/\/www.accord-melodique.com\/cms\/wp-content\/uploads\/2024\/06\/image-2.png 163w, https:\/\/www.accord-melodique.com\/cms\/wp-content\/uploads\/2024\/06\/image-2-18x10.png 18w\" sizes=\"auto, (max-width: 150px) 100vw, 150px\" \/><\/a><\/td><\/tr><tr><td><strong>Heaven Guitars<\/strong><br>La Ferme Neuve<br>78121 Crespi\u00e8res<br>01 77 04 58 92<br>Alexander tunes up, repairs and may produce your dream guitar!<\/td><td><a href=\"https:\/\/www.heaven-guitars.com\/\"><img loading=\"lazy\" decoding=\"async\" width=\"150\" height=\"55\" class=\"wp-image-289\" style=\"width: 150px;\" src=\"http:\/\/www.accord-melodique.com\/cms\/wp-content\/uploads\/2024\/06\/image-3.png\" alt=\"\" srcset=\"https:\/\/www.accord-melodique.com\/cms\/wp-content\/uploads\/2024\/06\/image-3.png 171w, https:\/\/www.accord-melodique.com\/cms\/wp-content\/uploads\/2024\/06\/image-3-18x7.png 18w\" sizes=\"auto, (max-width: 150px) 100vw, 150px\" \/><\/a><\/td><\/tr><tr><td><strong>www.damico-store.com<\/strong><br>501 rue Fourny<br>78530 Buc<br>01 39 56 12 57<br>More than 700 guitars in store<\/td><td><a href=\"https:\/\/www.damico-store.com\/\"><img loading=\"lazy\" decoding=\"async\" width=\"150\" height=\"108\" class=\"wp-image-291\" style=\"width: 150px;\" src=\"http:\/\/www.accord-melodique.com\/cms\/wp-content\/uploads\/2024\/06\/image-4.png\" alt=\"\" srcset=\"https:\/\/www.accord-melodique.com\/cms\/wp-content\/uploads\/2024\/06\/image-4.png 164w, https:\/\/www.accord-melodique.com\/cms\/wp-content\/uploads\/2024\/06\/image-4-18x12.png 18w\" sizes=\"auto, (max-width: 150px) 100vw, 150px\" \/><\/a><\/td><\/tr><tr><td><strong>La Pianoterie<\/strong><br>20 Grande Rue<br>78160 Marly Le Roi<br>01 39 21 04 77<br>&nbsp;<br>Second hand best pianos from all manufacturers<br>Yamaha &amp; Artwood guitar retailer<\/td><td><a href=\"https:\/\/www.lapianoterie.fr\/fr\/\"><img loading=\"lazy\" decoding=\"async\" width=\"104\" height=\"104\" class=\"wp-image-293\" style=\"width: 104px;\" src=\"http:\/\/www.accord-melodique.com\/cms\/wp-content\/uploads\/2024\/06\/image-5.png\" alt=\"\" srcset=\"https:\/\/www.accord-melodique.com\/cms\/wp-content\/uploads\/2024\/06\/image-5.png 104w, https:\/\/www.accord-melodique.com\/cms\/wp-content\/uploads\/2024\/06\/image-5-12x12.png 12w, https:\/\/www.accord-melodique.com\/cms\/wp-content\/uploads\/2024\/06\/image-5-100x100.png 100w\" sizes=\"auto, (max-width: 104px) 100vw, 104px\" \/><\/a><\/td><\/tr><\/tbody><\/table><\/figure>\n\n\n\n<p><\/p>\n\n\n\n<p><\/p>","protected":false},"excerpt":{"rendered":"<p>Instruments, Librairie musicale et Lutherie Chorus MusicPlace Jehan Alain78100 Saint Germain en Laye01 39 21 01 29Guitares classiques, acoustiques, \u00e9lectriquesGuitares basses, amplificateurs, micros, effets sp\u00e9ciaux La Fl\u00fbte de Pan49, 53 et 59 rue de Rome75008 Paris01 42 93 65 05La plus grande librairie musicale de France Heaven GuitarsLa Ferme Neuve78121 Crespi\u00e8res01 77 04 58 92Lutherie, [&hellip;]<\/p>","protected":false},"author":1,"featured_media":0,"parent":0,"menu_order":8,"comment_status":"closed","ping_status":"closed","template":"","meta":{"_kadence_starter_templates_imported_post":false,"footnotes":""},"class_list":["post-272","page","type-page","status-publish","hentry"],"_links":{"self":[{"href":"https:\/\/www.accord-melodique.com\/cms\/en\/wp-json\/wp\/v2\/pages\/272","targetHints":{"allow":["GET"]}}],"collection":[{"href":"https:\/\/www.accord-melodique.com\/cms\/en\/wp-json\/wp\/v2\/pages"}],"about":[{"href":"https:\/\/www.accord-melodique.com\/cms\/en\/wp-json\/wp\/v2\/types\/page"}],"author":[{"embeddable":true,"href":"https:\/\/www.accord-melodique.com\/cms\/en\/wp-json\/wp\/v2\/users\/1"}],"replies":[{"embeddable":true,"href":"https:\/\/www.accord-melodique.com\/cms\/en\/wp-json\/wp\/v2\/comments?post=272"}],"version-history":[{"count":22,"href":"https:\/\/www.accord-melodique.com\/cms\/en\/wp-json\/wp\/v2\/pages\/272\/revisions"}],"predecessor-version":[{"id":371,"href":"https:\/\/www.accord-melodique.com\/cms\/en\/wp-json\/wp\/v2\/pages\/272\/revisions\/371"}],"wp:attachment":[{"href":"https:\/\/www.accord-melodique.com\/cms\/en\/wp-json\/wp\/v2\/media?parent=272"}],"curies":[{"name":"wp","href":"https:\/\/api.w.org\/{rel}","templated":true}]}}