{"id":261,"date":"2024-06-12T19:41:28","date_gmt":"2024-06-12T17:41:28","guid":{"rendered":"https:\/\/www.accord-melodique.com\/cms\/?page_id=261"},"modified":"2024-07-09T20:55:48","modified_gmt":"2024-07-09T18:55:48","slug":"methode","status":"publish","type":"page","link":"https:\/\/www.accord-melodique.com\/cms\/en\/methode\/","title":{"rendered":"Method"},"content":{"rendered":"<p>Learn Chords on Guitar<\/p>\n\n\n\n<p>While learning music, I quickly loved chords on guitar.<\/p>\n\n\n\n<p>Recommended by teachers and professional musicians, my method to Learn Chords on Guitar provides an introduction to harmony to describe the role of each string within a given chord.&nbsp;<strong>Learn Chords on Guitar&nbsp;<\/strong>provides an introduction to harmony to describe the role of each string within a given chord.<\/p>\n\n\n\n<p>Chord diagrams and tablatures enhance your understanding of musical reading.\n\nPlease click on the volume of your interest:<\/p>\n\n\n\n<figure class=\"wp-block-table\"><table><tbody><tr><td>French<\/td><td>English<\/td><\/tr><tr><td>&nbsp;&nbsp;&nbsp;<a href=\"https:\/\/www.amazon.fr\/Apprendre-accords-guitare-Harmonie-majeure\/dp\/1530242819\/ref=sr_1_2?ie=UTF8&amp;qid=1509530233&amp;sr=8-2&amp;keywords=apprendre+les+accords+%C3%A0+la+guitare\">Volume I : Harmonie majeure \u00e0 3 notes<\/a><br>&nbsp;&nbsp;&nbsp;<a href=\"https:\/\/www.amazon.fr\/Apprendre-accords-guitare-Harmonie-mineure\/dp\/1530346819\/ref=sr_1_6?ie=UTF8&amp;qid=1509530233&amp;sr=8-6&amp;keywords=apprendre+les+accords+%C3%A0+la+guitare\">Volume II : Harmonie mineure \u00e0 3 notes<\/a><br>&nbsp;&nbsp;&nbsp;<a href=\"https:\/\/www.amazon.fr\/Apprendre-accords-guitare-Harmonie-majeure\/dp\/1530376696\/ref=sr_1_5?ie=UTF8&amp;qid=1509530233&amp;sr=8-5&amp;keywords=apprendre+les+accords+%C3%A0+la+guitare\">Volume III : Harmonie majeure \u00e0 4 notes<\/a><br>&nbsp;&nbsp;&nbsp;<a href=\"https:\/\/www.amazon.fr\/Apprendre-accords-guitare-Harmonie-mineure\/dp\/1530451612\/ref=sr_1_4?ie=UTF8&amp;qid=1509530233&amp;sr=8-4&amp;keywords=apprendre+les+accords+%C3%A0+la+guitare\">Volume IV : Harmonie mineure \u00e0 4 notes<\/a><br>&nbsp;&nbsp;&nbsp;<a href=\"https:\/\/www.amazon.fr\/Apprendre-accords-guitare-Harmonie-majeure\/dp\/1530456525\/ref=sr_1_3?ie=UTF8&amp;qid=1509530233&amp;sr=8-3&amp;keywords=apprendre+les+accords+%C3%A0+la+guitare\">Volume V : Harmonie majeure et mineure \u00e0 5 et \u00e0 6 notes<\/a><\/td><td><a href=\"https:\/\/www.amazon.com\/Learn-Chords-Guitar-Major-Harmony\/dp\/1534662731\/ref=sr_1_8?ie=UTF8&amp;qid=1509531326&amp;sr=8-8&amp;keywords=Learn+Chords+on+Guitar\">Volume I :\u00a0Major Harmony 3 Note Chords<\/a><br><a href=\"https:\/\/www.amazon.com\/Learn-Chords-Guitar-Minor-Harmony\/dp\/1534663142\/ref=sr_1_6?ie=UTF8&amp;qid=1509531326&amp;sr=8-6&amp;keywords=Learn+Chords+on+Guitar\"><a href=\"https:\/\/www.amazon.com\/Learn-Chords-Guitar-Minor-Harmony\/dp\/1534663142\/ref=sr_1_6?ie=UTF8&amp;qid=1509531326&amp;sr=8-6&amp;keywords=Learn+Chords+on+Guitar\">Volume II :\u00a0Minor Harmony 3 Note Chords<\/a><\/a><br><a href=\"https:\/\/www.amazon.com\/Learn-Chords-Guitar-Major-Harmony\/dp\/1534663517\/ref=sr_1_15?ie=UTF8&amp;qid=1509531326&amp;sr=8-15&amp;keywords=Learn+Chords+on+Guitar\">Volume III :\u00a0Major Harmony 4 Note Chords<\/a><br><a href=\"https:\/\/www.amazon.com\/Learn-Chords-Guitar-Minor-Harmony\/dp\/1534666079\/ref=sr_1_17?ie=UTF8&amp;qid=1509531326&amp;sr=8-17&amp;keywords=Learn+Chords+on+Guitar\">Volume IV :\u00a0Minor Harmony 4 Note Chords<\/a><br><a href=\"https:\/\/www.amazon.com\/Learn-Chords-Guitar-Major-Harmony\/dp\/1534666354\/ref=sr_1_16?ie=UTF8&amp;qid=1509531326&amp;sr=8-16&amp;keywords=Learn+Chords+on+Guitar\"><a href=\"https:\/\/www.amazon.com\/Learn-Chords-Guitar-Major-Harmony\/dp\/1534666354\/ref=sr_1_16?ie=UTF8&amp;qid=1509531326&amp;sr=8-16&amp;keywords=Learn+Chords+on+Guitar\">Volume V :\u00a0Major and Minor Harmony 5 and 6 Note Chords<\/a><\/a><\/td><\/tr><\/tbody><\/table><\/figure>\n\n\n\n<p>&nbsp;<strong>Learn Chords on Guitar&nbsp;<\/strong>is available on Amazon in English, French, German and Spanish languages, in Paperback and Kindle formats.<\/p>\n\n\n\n<p>\u201cLos libros de Philippe son un excelente material did\u00e1ctico, no s\u00f3lo de consulta sino para desarrollar nuestra creatividad en su posible aplicaci\u00f3n y sobre todo para llamar por su nombre a cada una de las eventualidades que encontramos en las partituras.\u201d<\/p>\n\n\n\n<p>\"Philippe's books are an excellent didactic material, not only for consultation but also to develop our creativity in their possible application and above all to call by name each of the eventualities that we find in the scores.\"<\/p>\n\n\n\n<p><strong>Rafael Elizondo<\/strong> &#8211; Guitarrista concertista &#8211; Maestro<\/p>\n\n\n\n<p>Music teachers, schools and conservatories: please contact me to get a free copy of my method<\/p>\n\n\n\n<p><strong>Understand theory to enjoy its practice!<\/strong><\/p>\n\n\n\n<div class=\"wp-block-group is-nowrap is-layout-flex wp-container-core-group-is-layout-ad2f72ca wp-block-group-is-layout-flex\">\n<figure class=\"wp-block-image size-large is-resized\"><img loading=\"lazy\" decoding=\"async\" width=\"1024\" height=\"682\" src=\"https:\/\/www.accord-melodique.com\/cms\/wp-content\/uploads\/2024\/06\/accord3-1-1024x682.png\" alt=\"\" class=\"wp-image-266\" style=\"width:359px;height:auto\" srcset=\"https:\/\/www.accord-melodique.com\/cms\/wp-content\/uploads\/2024\/06\/accord3-1-1024x682.png 1024w, https:\/\/www.accord-melodique.com\/cms\/wp-content\/uploads\/2024\/06\/accord3-1-300x200.png 300w, https:\/\/www.accord-melodique.com\/cms\/wp-content\/uploads\/2024\/06\/accord3-1-768x512.png 768w, https:\/\/www.accord-melodique.com\/cms\/wp-content\/uploads\/2024\/06\/accord3-1-18x12.png 18w, https:\/\/www.accord-melodique.com\/cms\/wp-content\/uploads\/2024\/06\/accord3-1.png 1280w\" sizes=\"auto, (max-width: 1024px) 100vw, 1024px\" \/><\/figure>\n\n\n\n<figure class=\"wp-block-image size-large is-resized\"><img loading=\"lazy\" decoding=\"async\" width=\"1024\" height=\"682\" src=\"http:\/\/www.accord-melodique.com\/cms\/wp-content\/uploads\/2024\/06\/Accord_1-1024x682.png\" alt=\"\" class=\"wp-image-259\" style=\"width:363px;height:auto\" srcset=\"https:\/\/www.accord-melodique.com\/cms\/wp-content\/uploads\/2024\/06\/Accord_1-1024x682.png 1024w, https:\/\/www.accord-melodique.com\/cms\/wp-content\/uploads\/2024\/06\/Accord_1-300x200.png 300w, https:\/\/www.accord-melodique.com\/cms\/wp-content\/uploads\/2024\/06\/Accord_1-768x512.png 768w, https:\/\/www.accord-melodique.com\/cms\/wp-content\/uploads\/2024\/06\/Accord_1-18x12.png 18w, https:\/\/www.accord-melodique.com\/cms\/wp-content\/uploads\/2024\/06\/Accord_1.png 1280w\" sizes=\"auto, (max-width: 1024px) 100vw, 1024px\" \/><\/figure>\n\n\n\n<figure class=\"wp-block-image size-large is-resized\"><img loading=\"lazy\" decoding=\"async\" width=\"1024\" height=\"682\" src=\"http:\/\/www.accord-melodique.com\/cms\/wp-content\/uploads\/2024\/06\/accord_2-1024x682.png\" alt=\"\" class=\"wp-image-257\" style=\"width:357px;height:auto\" srcset=\"https:\/\/www.accord-melodique.com\/cms\/wp-content\/uploads\/2024\/06\/accord_2-1024x682.png 1024w, https:\/\/www.accord-melodique.com\/cms\/wp-content\/uploads\/2024\/06\/accord_2-300x200.png 300w, https:\/\/www.accord-melodique.com\/cms\/wp-content\/uploads\/2024\/06\/accord_2-768x512.png 768w, https:\/\/www.accord-melodique.com\/cms\/wp-content\/uploads\/2024\/06\/accord_2-18x12.png 18w, https:\/\/www.accord-melodique.com\/cms\/wp-content\/uploads\/2024\/06\/accord_2.png 1280w\" sizes=\"auto, (max-width: 1024px) 100vw, 1024px\" \/><\/figure>\n<\/div>","protected":false},"excerpt":{"rendered":"<p>Apprendre les accords \u00e0 la guitare En apprenant la musique, j\u2019ai vite aim\u00e9 les accords \u00e0 la guitare. J\u2019ai \u00e9crit depuis une m\u00e9thode pour les apprendre, tous ? Recommand\u00e9e par les enseignants et les guitaristes professionnels, ma m\u00e9thode pour&nbsp;Apprendre les accords \u00e0 la guitare&nbsp;propose une introduction \u00e0 l\u2019harmonie pour d\u00e9crire le r\u00f4le de chaque corde [&hellip;]<\/p>","protected":false},"author":1,"featured_media":0,"parent":0,"menu_order":6,"comment_status":"closed","ping_status":"closed","template":"","meta":{"_kadence_starter_templates_imported_post":false,"footnotes":""},"class_list":["post-261","page","type-page","status-publish","hentry"],"_links":{"self":[{"href":"https:\/\/www.accord-melodique.com\/cms\/en\/wp-json\/wp\/v2\/pages\/261","targetHints":{"allow":["GET"]}}],"collection":[{"href":"https:\/\/www.accord-melodique.com\/cms\/en\/wp-json\/wp\/v2\/pages"}],"about":[{"href":"https:\/\/www.accord-melodique.com\/cms\/en\/wp-json\/wp\/v2\/types\/page"}],"author":[{"embeddable":true,"href":"https:\/\/www.accord-melodique.com\/cms\/en\/wp-json\/wp\/v2\/users\/1"}],"replies":[{"embeddable":true,"href":"https:\/\/www.accord-melodique.com\/cms\/en\/wp-json\/wp\/v2\/comments?post=261"}],"version-history":[{"count":16,"href":"https:\/\/www.accord-melodique.com\/cms\/en\/wp-json\/wp\/v2\/pages\/261\/revisions"}],"predecessor-version":[{"id":342,"href":"https:\/\/www.accord-melodique.com\/cms\/en\/wp-json\/wp\/v2\/pages\/261\/revisions\/342"}],"wp:attachment":[{"href":"https:\/\/www.accord-melodique.com\/cms\/en\/wp-json\/wp\/v2\/media?parent=261"}],"curies":[{"name":"wp","href":"https:\/\/api.w.org\/{rel}","templated":true}]}}