{"id":236,"date":"2024-06-11T20:00:48","date_gmt":"2024-06-11T18:00:48","guid":{"rendered":"https:\/\/www.accord-melodique.com\/cms\/?page_id=236"},"modified":"2024-07-10T15:47:38","modified_gmt":"2024-07-10T13:47:38","slug":"pedagogie-et-partitions","status":"publish","type":"page","link":"https:\/\/www.accord-melodique.com\/cms\/en\/pedagogie-et-partitions\/","title":{"rendered":"Teaching skills and Scores"},"content":{"rendered":"<p>Practicing a musical instrument feels like a fingers\u2019 sport guided by hand, ears, eyes and breath. The musician learns how to feel each movement meant to reveal his inner song, so to develop his own musical personality, at his own pace.<\/p>\n\n\n\n<p class=\"has-text-align-center has-x-large-font-size\"><strong>Teaching skills<\/strong><\/p>\n\n\n<div class=\"wp-block-image\">\n<figure class=\"aligncenter size-full is-resized\"><img loading=\"lazy\" decoding=\"async\" width=\"800\" height=\"820\" src=\"http:\/\/www.accord-melodique.com\/cms\/wp-content\/uploads\/2024\/06\/Discipline2_EN.png\" alt=\"\" class=\"wp-image-246\" style=\"width:686px;height:auto\" srcset=\"https:\/\/www.accord-melodique.com\/cms\/wp-content\/uploads\/2024\/06\/Discipline2_EN.png 800w, https:\/\/www.accord-melodique.com\/cms\/wp-content\/uploads\/2024\/06\/Discipline2_EN-293x300.png 293w, https:\/\/www.accord-melodique.com\/cms\/wp-content\/uploads\/2024\/06\/Discipline2_EN-768x787.png 768w, https:\/\/www.accord-melodique.com\/cms\/wp-content\/uploads\/2024\/06\/Discipline2_EN-12x12.png 12w\" sizes=\"auto, (max-width: 800px) 100vw, 800px\" \/><\/figure>\n<\/div>\n\n\n<p class=\"has-text-align-center has-x-large-font-size\"><strong>Scores<\/strong><\/p>\n\n\n\n<p class=\"has-text-align-center\"><strong>A<\/strong><\/p>\n\n\n\n<p class=\"has-text-align-center\"><a href=\"http:\/\/www.accord-melodique.com\/cms\/en\/index_fichiers\/pdf\/A Felicidade - Antonio Carlos Jobim.pdf\/\"><strong>A Felicidade (Antonio Carlos Jobim)<\/strong><\/a><\/p>\n\n\n\n<p class=\"has-text-align-center\"><a href=\"http:\/\/www.accord-melodique.com\/cms\/en\/index_fichiers\/pdf\/Agua De Beber - Antonio Carlos Jobim.pdf\/\"><strong>Agua De Beber (Antonio Carlos Jobim)<\/strong><\/a><\/p>\n\n\n\n<p class=\"has-text-align-center\"><a href=\"http:\/\/www.accord-melodique.com\/cms\/en\/index_fichiers\/pdf\/Aria Sulla Quarta Corda - JS Bach.pdf\/\"><strong>Aria Sulla Quarta Corda (JS Bach)<\/strong><\/a><\/p>\n\n\n\n<p class=\"has-text-align-center\"><a href=\"http:\/\/www.accord-melodique.com\/cms\/en\/index_fichiers\/pdf\/Armstrong - Claude Nougaro.pdf\/\"><strong>Armstrong (Claude Nougaro)<\/strong><\/a><\/p>\n\n\n\n<p class=\"has-text-align-center\"><a href=\"http:\/\/www.accord-melodique.com\/cms\/en\/index_fichiers\/pdf\/And I Love Her - The Beatles.pdf\/\"><strong>And I Love Her (The Beatles)<\/strong><\/a><\/p>\n\n\n\n<p class=\"has-text-align-center\"><strong>B<\/strong><\/p>\n\n\n\n<p class=\"has-text-align-center\"><a href=\"http:\/\/www.accord-melodique.com\/cms\/en\/index_fichiers\/pdf\/Berimbau - Baden Powell.pdf\/\"><strong>Berimbau (Baden Powell)<\/strong><\/a><\/p>\n\n\n\n<p class=\"has-text-align-center\"><a href=\"http:\/\/www.accord-melodique.com\/cms\/en\/index_fichiers\/pdf\/Blackbird - Paul McCartney.pdf\/\"><strong>Blackbird (Paul McCartney)<\/strong><\/a><\/p>\n\n\n\n<p class=\"has-text-align-center\"><a href=\"http:\/\/www.accord-melodique.com\/cms\/en\/index_fichiers\/pdf\/Black Orpheus - Luiz Bonfa.pdf\/\"><strong>Black Orpheus (Luiz Bonf<\/strong><strong>\u00e1<\/strong><strong>)<\/strong><\/a><\/p>\n\n\n\n<p class=\"has-text-align-center\"><a href=\"http:\/\/www.accord-melodique.com\/cms\/en\/index_fichiers\/pdf\/Blue Bossa - Kenny Dorham.pdf\/\"><strong>Blue Bossa (Kenny Dorham)<\/strong><\/a><\/p>\n\n\n\n<p class=\"has-text-align-center\"><strong>C<\/strong><\/p>\n\n\n\n<p class=\"has-text-align-center\"><a href=\"http:\/\/www.accord-melodique.com\/cms\/en\/index_fichiers\/pdf\/Camarera de mi amor - Antonio Machin.pdf\/\"><strong>Camarera de mi amor (Antonio Mach\u00edn)<\/strong><\/a><\/p>\n\n\n\n<p class=\"has-text-align-center\"><a href=\"http:\/\/www.accord-melodique.com\/cms\/en\/index_fichiers\/pdf\/Ce r\u00eave bleu - Alan Menken.pdf\/\"><strong>Ce r\u00eave bleu (Alan Menken)<\/strong><\/a><\/p>\n\n\n\n<p class=\"has-text-align-center\"><a href=\"http:\/\/www.accord-melodique.com\/cms\/en\/index_fichiers\/pdf\/Cheek To Cheek - Irving Berlin.pdf\/\"><strong>Cheek To Cheek (Irving Berlin)<\/strong><\/a><\/p>\n\n\n\n<p class=\"has-text-align-center\"><a href=\"http:\/\/www.accord-melodique.com\/cms\/en\/index_fichiers\/pdf\/Country Jingle Bells - James Lord Pierpont.pdf\/\"><strong>Country Jingle Bells (James Lord Pierpont)<\/strong><\/a><\/p>\n\n\n\n<p class=\"has-text-align-center\"><a href=\"http:\/\/www.accord-melodique.com\/cms\/en\/index_fichiers\/pdf\/Crazy - Willie Nelson.pdf\/\"><strong>Crazy (Willie Nelson)<\/strong><\/a><\/p>\n\n\n\n<p class=\"has-text-align-center\"><strong>D<\/strong><\/p>\n\n\n\n<p class=\"has-text-align-center\"><a href=\"http:\/\/www.accord-melodique.com\/cms\/en\/index_fichiers\/pdf\/Don't Get Around Much Anymore - Duke Ellington.pdf\/\"><strong>Don\u2019t Get Around Much Anymore (Duke Elligton)<\/strong><\/a><\/p>\n\n\n\n<p class=\"has-text-align-center\"><a href=\"http:\/\/www.accord-melodique.com\/cms\/en\/index_fichiers\/pdf\/Dust In The Wind - Kerry Livgren.pdf\/\"><strong>Dust In The Wind (Kerry Livgren)<\/strong><\/a><\/p>\n\n\n\n<p class=\"has-text-align-center\"><strong>E<\/strong><\/p>\n\n\n\n<p class=\"has-text-align-center\"><a href=\"http:\/\/www.accord-melodique.com\/cms\/en\/index_fichiers\/pdf\/Estate - Bruno Martino.pdf\/\"><strong>Estate (Bruno Martino)<\/strong><\/a><\/p>\n\n\n\n<p class=\"has-text-align-center\"><a href=\"http:\/\/www.accord-melodique.com\/cms\/en\/index_fichiers\/pdf\/Estudio II - Fernando Sor.pdf\/\"><strong>Estudio II (Fernando Sor)<\/strong><\/a><\/p>\n\n\n\n<p class=\"has-text-align-center\"><a href=\"http:\/\/www.accord-melodique.com\/cms\/en\/index_fichiers\/pdf\/Estudio IV - Fernando Sor.pdf\/\"><strong>Estudio IV (Fernando Sor)<\/strong><\/a><\/p>\n\n\n\n<p class=\"has-text-align-center\"><a href=\"http:\/\/www.accord-melodique.com\/cms\/en\/index_fichiers\/pdf\/Estudio 17 - Fernando Sor.pdf\/\"><strong>Estudio n\u00b017 (Fernando Sor)<\/strong><\/a><\/p>\n\n\n\n<p class=\"has-text-align-center\"><a href=\"http:\/\/www.accord-melodique.com\/cms\/en\/index_fichiers\/pdf\/Etude - Francisco Tarrega.pdf\/\"><strong>Etude (Francisco T<\/strong><strong>\u00e1<\/strong><strong>rrega)<\/strong><\/a><\/p>\n\n\n\n<p class=\"has-text-align-center\"><strong>F<\/strong><\/p>\n\n\n\n<p class=\"has-text-align-center\"><a href=\"http:\/\/www.accord-melodique.com\/cms\/en\/index_fichiers\/pdf\/Fais comme l'oiseau - Michel Fugain.pdf\/\"><strong>Fais comme l\u2019oiseau (Michel Fugain)<\/strong><\/a><\/p>\n\n\n\n<p class=\"has-text-align-center\"><a href=\"http:\/\/www.accord-melodique.com\/cms\/en\/index_fichiers\/pdf\/Falando De Amor - Tom Jobim.pdf\/\"><strong>Falando De Amor (Tom Jobim)<\/strong><\/a><\/p>\n\n\n\n<p class=\"has-text-align-center\"><strong>G<\/strong><\/p>\n\n\n\n<p class=\"has-text-align-center\"><a href=\"http:\/\/www.accord-melodique.com\/cms\/en\/index_fichiers\/pdf\/Georgia On My Mind - Hoagy Carmichael.pdf\/\"><strong>Georgia On My Mind (Hoagy Carmichael)<\/strong><\/a><\/p>\n\n\n\n<p class=\"has-text-align-center\"><a href=\"http:\/\/www.accord-melodique.com\/cms\/en\/index_fichiers\/pdf\/Girl Talk - Neal Hefti.pdf\/\"><strong>Girl Talk (Neal Hefti)<\/strong><\/a><\/p>\n\n\n\n<p class=\"has-text-align-center\"><strong>H<\/strong><\/p>\n\n\n\n<p class=\"has-text-align-center\"><a href=\"http:\/\/www.accord-melodique.com\/cms\/en\/index_fichiers\/pdf\/Historia de un Amor - Carlos Eleta Almaran.pdf\/\"><strong>Historia de un amor (Carlos Eleta Almar\u00e1n)<\/strong><\/a><\/p>\n\n\n\n<p class=\"has-text-align-center\"><a href=\"http:\/\/www.accord-melodique.com\/cms\/en\/index_fichiers\/pdf\/Hugo Baby - Philippe Merlin.pdf\/\"><strong>Hugo Baby (Philippe Merlin &#8211; Etienne Lesaque)<\/strong><\/a><\/p>\n\n\n\n<p class=\"has-text-align-center\"><a href=\"http:\/\/www.accord-melodique.com\/cms\/en\/index_fichiers\/pdf\/Hugo Baby Guitare - Philippe Merlin.pdf\/\"><strong>Hugo Baby &#8211; Arr. guitare (Philippe Merlin)<\/strong><\/a><\/p>\n\n\n\n<p class=\"has-text-align-center\"><strong>I<\/strong><\/p>\n\n\n\n<p class=\"has-text-align-center\"><a href=\"http:\/\/www.accord-melodique.com\/cms\/en\/index_fichiers\/pdf\/Il en faut peu pour \u00eatre heureux - Terry Gilkyson.pdf\/\"><strong>Il en faut peu pour \u00eatre heureux (Terry Gilkyson)<\/strong><\/a><\/p>\n\n\n\n<p class=\"has-text-align-center\"><a href=\"http:\/\/www.accord-melodique.com\/cms\/en\/index_fichiers\/pdf\/Il faudrait leur dire - Francis Cabrel.pdf\/\"><strong>Il faudrait leur dire (Francis Cabrel)<\/strong><\/a><\/p>\n\n\n\n<p class=\"has-text-align-center\"><a href=\"http:\/\/www.accord-melodique.com\/cms\/en\/index_fichiers\/pdf\/Imagine - John Lennon.pdf\/\"><strong>Imagine (John Lennon)<\/strong><\/a><\/p>\n\n\n\n<p class=\"has-text-align-center\"><a href=\"http:\/\/www.accord-melodique.com\/cms\/en\/index_fichiers\/pdf\/I'm Beginning To See The Light - Duke Ellington.pdf\/\"><strong>I\u2019m Beginning To See The Light (Duke Ellington)<\/strong><\/a><\/p>\n\n\n\n<p class=\"has-text-align-center\"><a href=\"http:\/\/www.accord-melodique.com\/cms\/en\/index_fichiers\/pdf\/Invention \/# 1 - Johann Sebastian Bach.pdf\"><strong>Invention n\u00b01 (Johann Sebastian Bach)<\/strong><\/a><\/p>\n\n\n\n<p class=\"has-text-align-center\"><a href=\"http:\/\/www.accord-melodique.com\/cms\/en\/index_fichiers\/pdf\/Invention \/# 8 - Johann Sebastian Bach.pdf\"><strong>Invention n\u00b08 (Johann Sebastian Bach)<\/strong><\/a><\/p>\n\n\n\n<p class=\"has-text-align-center\"><a href=\"http:\/\/www.accord-melodique.com\/cms\/en\/index_fichiers\/pdf\/Is This Love New - Bob Marley.pdf\/\"><strong>Is This Love (Bob Marley)<\/strong><\/a><\/p>\n\n\n\n<p class=\"has-text-align-center\"><a href=\"http:\/\/www.accord-melodique.com\/cms\/en\/index_fichiers\/pdf\/Isn't She Lovely - Stevie Wonder.pdf\/\"><strong>Isn\u2019t She Lovely (Stevie Wonder)<\/strong><\/a><\/p>\n\n\n\n<p class=\"has-text-align-center\"><strong>J<\/strong><\/p>\n\n\n\n<p class=\"has-text-align-center\"><a href=\"http:\/\/www.accord-melodique.com\/cms\/en\/index_fichiers\/pdf\/Jeux Interdits.pdf\/\"><strong>Jeux Interdits (Fernando Sor)<\/strong><\/a><\/p>\n\n\n\n<p class=\"has-text-align-center\"><strong>L<\/strong><\/p>\n\n\n\n<p class=\"has-text-align-center\"><a href=\"http:\/\/www.accord-melodique.com\/cms\/en\/index_fichiers\/pdf\/La Chansonnette.pdf\/\"><strong>La Chansonnette (Philippe-G\u00e9rard)<\/strong><\/a><\/p>\n\n\n\n<p class=\"has-text-align-center\"><a href=\"http:\/\/www.accord-melodique.com\/cms\/en\/index_fichiers\/pdf\/Latin Lovers - Lee Ritenour &amp; Joao Bosco.pdf\/\"><strong>Latin Lovers (Lee Ritenour)<\/strong><\/a><\/p>\n\n\n\n<p class=\"has-text-align-center\"><a href=\"http:\/\/www.accord-melodique.com\/cms\/en\/index_fichiers\/pdf\/Le p\u00e9nitencier - Hugues Aufray.pdf\/\"><strong>Le P\u00e9nitencier (Hugues Aufray)<\/strong><\/a><\/p>\n\n\n\n<p class=\"has-text-align-center\"><a href=\"http:\/\/www.accord-melodique.com\/cms\/en\/index_fichiers\/pdf\/Le Sud - Nino Ferrer.pdf\/\"><strong>Le Sud (Nino Ferrer)<\/strong><\/a><\/p>\n\n\n\n<p class=\"has-text-align-center\"><a href=\"http:\/\/www.accord-melodique.com\/cms\/en\/index_fichiers\/pdf\/Lullaby Of Birdland.pdf\/\"><strong>Lullaby Of Birdland (George Shearing)<\/strong><\/a><\/p>\n\n\n\n<p class=\"has-text-align-center\"><strong>M<\/strong><\/p>\n\n\n\n<p class=\"has-text-align-center\"><a href=\"http:\/\/www.accord-melodique.com\/cms\/en\/index_fichiers\/pdf\/My Cherie Amour - Stevie Wonder.pdf\/\"><strong>My Cherie Amour (Stevie Wonder)<\/strong><\/a><\/p>\n\n\n\n<p class=\"has-text-align-center\"><a href=\"http:\/\/www.accord-melodique.com\/cms\/en\/index_fichiers\/pdf\/My Foolish Heart - Victor Young.pdf\/\"><strong>My Foolish Heart (Victor Young)<\/strong><\/a><\/p>\n\n\n\n<p class=\"has-text-align-center\"><a href=\"http:\/\/www.accord-melodique.com\/cms\/en\/index_fichiers\/pdf\/My Funny Valentine - Rodgers &amp; Hart.pdf\/\"><strong>My Funny Valentine (Rodgers &amp; Hart)<\/strong><\/a><\/p>\n\n\n\n<p class=\"has-text-align-center\"><strong>N<\/strong><\/p>\n\n\n\n<p class=\"has-text-align-center\"><a href=\"http:\/\/www.accord-melodique.com\/cms\/en\/index_fichiers\/pdf\/Nobody Knows You When You're Down and Out - Jimmy Cox.pdf\/\"><strong>Nobody Knows You When You\u2019re Down and Out (Jimmy Cox)<\/strong><\/a><\/p>\n\n\n\n<p class=\"has-text-align-center\"><a href=\"http:\/\/www.accord-melodique.com\/cms\/en\/index_fichiers\/pdf\/Noy Problem - Scary Pockets.pdf\/\"><strong>Noy Problem (Scary Pockets)<\/strong><\/a><\/p>\n\n\n\n<p class=\"has-text-align-center\"><strong>O<\/strong><\/p>\n\n\n\n<p class=\"has-text-align-center\"><a href=\"http:\/\/www.accord-melodique.com\/cms\/en\/index_fichiers\/pdf\/Our Love - Al Jarreau.pdf\/\"><strong>Our Love (Al Jarreau)<\/strong><\/a><\/p>\n\n\n\n<p class=\"has-text-align-center\"><strong>P<\/strong><\/p>\n\n\n\n<p class=\"has-text-align-center\"><a href=\"http:\/\/www.accord-melodique.com\/cms\/en\/index_fichiers\/pdf\/Petite Fleur - Sydney Bechet.pdf\/\"><strong>Petite Fleur (Sydney Bechet)<\/strong><\/a><\/p>\n\n\n\n<p class=\"has-text-align-center\"><a href=\"http:\/\/www.accord-melodique.com\/cms\/en\/index_fichiers\/pdf\/Piensa En Mi - Agustin Lara.pdf\/\"><strong>Piensa En Mi (Agustin Lara)<\/strong><\/a><\/p>\n\n\n\n<p class=\"has-text-align-center\"><a href=\"http:\/\/www.accord-melodique.com\/cms\/en\/index_fichiers\/pdf\/Prelude - JS Bach.pdf\/\"><strong>Pr\u00e9lude (J.S. Bach)<\/strong><\/a><\/p>\n\n\n\n<p class=\"has-text-align-center\"><a href=\"http:\/\/www.accord-melodique.com\/cms\/en\/index_fichiers\/pdf\/Prelude I Piano - JS Bach.pdf\/\"><strong>Prelude I\u2014Piano (J.S. Bach)<\/strong><\/a><\/p>\n\n\n\n<p class=\"has-text-align-center\"><strong>Q<\/strong><\/p>\n\n\n\n<p class=\"has-text-align-center\"><a href=\"http:\/\/www.accord-melodique.com\/cms\/en\/index_fichiers\/pdf\/Quizas quizas quizas - Osvaldo Farres.pdf\/\"><strong>Quiz<\/strong><strong>\u00e1<\/strong><strong>s, Quiz<\/strong><strong>\u00e1<\/strong><strong>s, Quiz<\/strong><strong>\u00e1<\/strong><strong>s (Osvaldo Farres\u2014Joe Davis)<\/strong><\/a><\/p>\n\n\n\n<p class=\"has-text-align-center\"><strong>R<\/strong><\/p>\n\n\n\n<p class=\"has-text-align-center\"><a href=\"http:\/\/www.accord-melodique.com\/cms\/en\/index_fichiers\/pdf\/Raindrops Keep Falling On My Head - BJ Thomas.pdf\/\"><strong>Raindrops Keep Falling On My Head (BJ Thomas)<\/strong><\/a><\/p>\n\n\n\n<p class=\"has-text-align-center\"><a href=\"http:\/\/www.accord-melodique.com\/cms\/en\/index_fichiers\/pdf\/Redemption Song - Bob Marley.pdf\/\"><strong>Redemption Song (Bob Marley)<\/strong><\/a><\/p>\n\n\n\n<p class=\"has-text-align-center\"><strong>S<\/strong><\/p>\n\n\n\n<p class=\"has-text-align-center\"><a href=\"http:\/\/www.accord-melodique.com\/cms\/en\/index_fichiers\/pdf\/San Francisco - Maxime Le Forestier.pdf\/\"><strong>San Francisco (Maxime Le Forestier)<\/strong><\/a><\/p>\n\n\n\n<p class=\"has-text-align-center\"><a href=\"http:\/\/www.accord-melodique.com\/cms\/en\/index_fichiers\/pdf\/Saint James Infirmary - Armstrong.pdf\/\"><strong>Saint James Infirmary<\/strong><\/a><\/p>\n\n\n\n<p class=\"has-text-align-center\"><a href=\"http:\/\/www.accord-melodique.com\/cms\/en\/index_fichiers\/pdf\/Santa Baby - Scary Pockets.pdf\/\"><strong>Santa Baby (Joan Javits &amp; Philip Springer)<\/strong><\/a><\/p>\n\n\n\n<p class=\"has-text-align-center\"><a href=\"http:\/\/www.accord-melodique.com\/cms\/en\/index_fichiers\/pdf\/Shape Of My Heart - Sting.pdf\/\"><strong>Shape Of My Heart (Sting)<\/strong><\/a><\/p>\n\n\n\n<p class=\"has-text-align-center\"><a href=\"http:\/\/www.accord-melodique.com\/cms\/en\/index_fichiers\/pdf\/Silent Night - Franz Xaver Gruber.pdf\/\"><strong>Silent Night (Franz Xaver Gruber)<\/strong><\/a><\/p>\n\n\n\n<p class=\"has-text-align-center\"><a href=\"http:\/\/www.accord-melodique.com\/cms\/en\/index_fichiers\/pdf\/Sir Duke - Stevie Wonder.pdf\/\"><strong>Sir Duke (Stevie Wonder)<\/strong><\/a><\/p>\n\n\n\n<p class=\"has-text-align-center\"><a href=\"http:\/\/www.accord-melodique.com\/cms\/en\/index_fichiers\/pdf\/Sleepers, Wake - Johann Sebastian Bach.pdf\/\"><strong>Sleepers, Wake (Johann Sebastian Bach)<\/strong><\/a><\/p>\n\n\n\n<p class=\"has-text-align-center\"><a href=\"http:\/\/www.accord-melodique.com\/cms\/en\/index_fichiers\/pdf\/Sleepwalk - Larry Carlton.pdf\/\"><strong>Sleepwalk (Larry Carlton)<\/strong><\/a><\/p>\n\n\n\n<p class=\"has-text-align-center\"><a href=\"http:\/\/www.accord-melodique.com\/cms\/en\/index_fichiers\/pdf\/Smile - Charlie Chaplin.pdf\/\"><strong>Smile (Charlie Chaplin)<\/strong><\/a><\/p>\n\n\n\n<p class=\"has-text-align-center\"><a href=\"http:\/\/www.accord-melodique.com\/cms\/en\/index_fichiers\/pdf\/Song for my father - Horace Silver.pdf\/\"><strong>Song For My Father (Horace Silver)<\/strong><\/a><\/p>\n\n\n\n<p class=\"has-text-align-center\"><a href=\"http:\/\/www.accord-melodique.com\/cms\/en\/index_fichiers\/pdf\/St. Thomas - Sonny Rollins.pdf\/\"><strong>St. Thomas (Sonny Rolins)<\/strong><\/a><\/p>\n\n\n\n<p class=\"has-text-align-center\"><a href=\"file:\/\/\/C:\/Users\/PC de Philippe\/OneDrive\/Documents\/Finale Files\/Fichiers Finale\/Production\/pdf\/Stairway To Heaven.pdf\"><strong>Stairway To Heaven (Led Zeppelin)<\/strong><\/a><\/p>\n\n\n\n<p class=\"has-text-align-center\"><a href=\"http:\/\/www.accord-melodique.com\/cms\/en\/index_fichiers\/pdf\/Stand By Me - Ben E King.pdf\/\"><strong>Stand By Me (Ben E King)<\/strong><\/a><\/p>\n\n\n\n<p class=\"has-text-align-center\"><a href=\"http:\/\/www.accord-melodique.com\/cms\/en\/index_fichiers\/pdf\/Suicide Is Painless - Johnny Mandel.pdf\/\"><strong>Suicide Is Painless \u2014M.A.S.H.\u2014 (Johnny Mandel)<\/strong><\/a><\/p>\n\n\n\n<p class=\"has-text-align-center\"><a href=\"http:\/\/www.accord-melodique.com\/cms\/en\/index_fichiers\/pdf\/Suite n1 Prelude - JS Bach.pdf\/\"><strong>Suite n\u00b01 Prelude (JS Bach)<\/strong><\/a><\/p>\n\n\n\n<p class=\"has-text-align-center\"><a href=\"http:\/\/www.accord-melodique.com\/cms\/en\/index_fichiers\/pdf\/Sunny - Bobby Hebb.pdf\/\"><strong>Sunny (Bobby Hebb)<\/strong><\/a><\/p>\n\n\n\n<p class=\"has-text-align-center\"><a href=\"http:\/\/www.accord-melodique.com\/cms\/en\/index_fichiers\/pdf\/Sway - Pablo Beltran Ruiz.pdf\/\"><strong>Sway (Pablo Beltr\u00e1n Ruiz)<\/strong><\/a><\/p>\n\n\n\n<p class=\"has-text-align-center\"><a href=\"http:\/\/www.accord-melodique.com\/cms\/en\/index_fichiers\/pdf\/Sweet Home Chicago - Robert Johnson.pdf\/\"><strong>Sweet Home Chicago (Robert Johnson)<\/strong><\/a><\/p>\n\n\n\n<p class=\"has-text-align-center\"><strong>T<\/strong><\/p>\n\n\n\n<p class=\"has-text-align-center\"><a href=\"http:\/\/www.accord-melodique.com\/cms\/en\/index_fichiers\/pdf\/Tears - Django Reinhardt St\u00e9phane Grappelli.pdf\/\"><strong>Tears (Django Reinhardt)<\/strong><\/a><\/p>\n\n\n\n<p class=\"has-text-align-center\"><a href=\"http:\/\/www.accord-melodique.com\/cms\/en\/index_fichiers\/pdf\/Tears In Heaven.pdf\/\"><strong>Tears In Heaven (Eric Clapton)<\/strong><\/a><\/p>\n\n\n\n<p class=\"has-text-align-center\"><a href=\"http:\/\/www.accord-melodique.com\/cms\/en\/index_fichiers\/pdf\/The Long And Winding Road - John Lennon &amp; Paul McCartney.pdf\/\"><strong>The Long and Winding Road (John Lennon &amp; Paul McCartney)<\/strong><\/a><\/p>\n\n\n\n<p class=\"has-text-align-center\"><a href=\"http:\/\/www.accord-melodique.com\/cms\/en\/index_fichiers\/pdf\/The Shadow Of Your Smile - Johnny Mandel.pdf\/\"><strong>The Shadow Of Your Smile (Johnny Mandel)<\/strong><\/a><\/p>\n\n\n\n<p class=\"has-text-align-center\"><a href=\"http:\/\/www.accord-melodique.com\/cms\/en\/index_fichiers\/pdf\/Those Were The Days My Friend - Boris Fomin.pdf\/\"><strong>Those Were The Days My Friend (Boris Fomin)<\/strong><\/a><\/p>\n\n\n\n<p class=\"has-text-align-center\"><a href=\"http:\/\/www.accord-melodique.com\/cms\/en\/index_fichiers\/pdf\/Time After Time - Cindy Lauper.pdf\/\"><strong>Time After Time (Cindy Lauper)<\/strong><\/a><\/p>\n\n\n\n<p class=\"has-text-align-center\"><a href=\"http:\/\/www.accord-melodique.com\/cms\/en\/index_fichiers\/pdf\/Tu Verras - Claude Nougaro.pdf\/\"><strong>Tu Verras (Claude Nougaro)<\/strong><\/a><\/p>\n\n\n\n<p class=\"has-text-align-center\"><strong>V<\/strong><\/p>\n\n\n\n<p class=\"has-text-align-center\"><a href=\"http:\/\/www.accord-melodique.com\/cms\/en\/index_fichiers\/pdf\/Veinte Anos - Maria Teresa Vera.pdf\/\"><strong>Veinte A\u00f1os (Mar\u00eda Teresa Vera)<\/strong><\/a><\/p>\n\n\n\n<p class=\"has-text-align-center\"><strong>W<\/strong><\/p>\n\n\n\n<p class=\"has-text-align-center\"><a href=\"http:\/\/www.accord-melodique.com\/cms\/en\/index_fichiers\/pdf\/Waiting for Susie B. - Chet Atkins.pdf\/\"><strong>Waiting for Susie B. (Chet Atkins)<\/strong><\/a><\/p>\n\n\n\n<p class=\"has-text-align-center\"><a href=\"http:\/\/www.accord-melodique.com\/cms\/en\/index_fichiers\/pdf\/Watermelon Man - Herbie Hancock.pdf\/\"><strong>Watermelon Man (Herbie Hancock)<\/strong><\/a><\/p>\n\n\n\n<p class=\"has-text-align-center\"><a href=\"http:\/\/www.accord-melodique.com\/cms\/en\/index_fichiers\/pdf\/What A Wonderful World - Weiss Thiele.pdf\/\"><strong>What A Wonderful World (Weiss\u2014Thiele)<\/strong><\/a><\/p>\n\n\n\n<p class=\"has-text-align-center\"><strong>Y<\/strong><\/p>\n\n\n\n<p class=\"has-text-align-center\"><a href=\"http:\/\/www.accord-melodique.com\/cms\/en\/index_fichiers\/pdf\/Yesterday.pdf\/\"><strong>Yesterday (The Beatles)<\/strong><\/a><\/p>\n\n\n\n<p class=\"has-text-align-center\"><a href=\"http:\/\/www.accord-melodique.com\/cms\/en\/index_fichiers\/pdf\/You Are The Sunshine Of My Life - Stevie Wonder.pdf\/\"><strong>You Are The Sunshine Of My Life (Stevie Wonder)<\/strong><\/a><\/p>\n\n\n\n<p class=\"has-text-align-center\"><a href=\"http:\/\/www.accord-melodique.com\/cms\/en\/index_fichiers\/pdf\/You Don't Know What Love Is - Raye DePaul.pdf\/\"><strong>You Don\u2019t Know What Love Is (Raye\u2014DePaul)<\/strong><\/a><\/p>\n\n\n\n<p class=\"has-text-align-center\"><a href=\"http:\/\/www.accord-melodique.com\/cms\/en\/index_fichiers\/pdf\/You've Got A Friend - Carole King.pdf\/\"><strong>You\u2019ve Got A Friend (Carole King)<\/strong><\/a><\/p>","protected":false},"excerpt":{"rendered":"<p>La pratique d\u2019un instrument de musique est un sport des doigts de la main guid\u00e9e par les oreilles, le souffle et les yeux. Le musicien apprend \u00e0 ressentir chacun des gestes destin\u00e9s \u00e0 refl\u00e9ter son chant int\u00e9rieur, pour \u00e9laborer sa propre personnalit\u00e9 musicale, \u00e0 son rythme. P\u00e9dagogie Partitions A A Felicidade (Antonio Carlos Jobim) Agua [&hellip;]<\/p>","protected":false},"author":1,"featured_media":0,"parent":0,"menu_order":5,"comment_status":"closed","ping_status":"closed","template":"","meta":{"_kadence_starter_templates_imported_post":false,"footnotes":""},"class_list":["post-236","page","type-page","status-publish","hentry"],"_links":{"self":[{"href":"https:\/\/www.accord-melodique.com\/cms\/en\/wp-json\/wp\/v2\/pages\/236","targetHints":{"allow":["GET"]}}],"collection":[{"href":"https:\/\/www.accord-melodique.com\/cms\/en\/wp-json\/wp\/v2\/pages"}],"about":[{"href":"https:\/\/www.accord-melodique.com\/cms\/en\/wp-json\/wp\/v2\/types\/page"}],"author":[{"embeddable":true,"href":"https:\/\/www.accord-melodique.com\/cms\/en\/wp-json\/wp\/v2\/users\/1"}],"replies":[{"embeddable":true,"href":"https:\/\/www.accord-melodique.com\/cms\/en\/wp-json\/wp\/v2\/comments?post=236"}],"version-history":[{"count":14,"href":"https:\/\/www.accord-melodique.com\/cms\/en\/wp-json\/wp\/v2\/pages\/236\/revisions"}],"predecessor-version":[{"id":375,"href":"https:\/\/www.accord-melodique.com\/cms\/en\/wp-json\/wp\/v2\/pages\/236\/revisions\/375"}],"wp:attachment":[{"href":"https:\/\/www.accord-melodique.com\/cms\/en\/wp-json\/wp\/v2\/media?parent=236"}],"curies":[{"name":"wp","href":"https:\/\/api.w.org\/{rel}","templated":true}]}}