{"id":115,"date":"2024-06-09T17:53:31","date_gmt":"2024-06-09T15:53:31","guid":{"rendered":"https:\/\/www.accord-melodique.com\/cms\/index.php\/blog\/"},"modified":"2024-06-10T19:34:01","modified_gmt":"2024-06-10T17:34:01","slug":"blog","status":"publish","type":"page","link":"https:\/\/www.accord-melodique.com\/cms\/en\/blog\/","title":{"rendered":"About us"},"content":{"rendered":"<p><strong>Philippe Merlin<\/strong><\/p>\n\n\n\n<p><strong>music, guitar, piano, bass, singing, composition, arrangement<\/strong> <strong>composition, arrangement<\/strong><\/p>\n\n\n\n<p class=\"has-large-font-size\"><strong>Music and teaching:<\/strong><\/p>\n\n\n\n<p>During my childhood in Spain in the sixties, I listened to The Beatles and Vivaldi and started to play guitar at age 9, to then pick up violin at age 10 and come back to guitar at age 13.&nbsp;<\/p>\n\n\n\n<p>I found my first rock group in France at age 16 and played several concerts during my studies of Medicine and Biology.<\/p>\n\n\n\n<p>After studying one year at the Centre d\u2019Information Musicale (CIM) in Paris, I studied two years at Berklee College of Music in Boston (MA). Went to the USA at age 24 to learn how to write music: I actually discovered the musician craft.<\/p>\n\n\n\n<p>Back to Paris in 1982, I studied computer programming and joined a ballroom orchestra for which I wrote arrangements, played guitar and sometimes bass and drums. I started giving guitar lessons.&nbsp;<\/p>\n\n\n\n<p>I then embraced a career in the Information Technology sector, first in the technical field and then in the marketing and management fields. I worked for large companies in France, Spain and Morocco and developed my teaching skills in different sectors: Retail, Bank, Industry, Government. Thanks to English and Spanish languages that I often practice, I became an international consultant for software publishers and then resumed music teaching.<\/p>\n\n\n\n<p>In 2009, I decided to teach music full time!<\/p>\n\n\n\n<p>My method takes advantage of the student\u2019s sensibility to feel the pleasure of listening to then play the heard melody accordingly \u2026\nI am keen to show through different styles\u2014classical, jazz, pop\u2014how harmony and rhythm are partners of the melody in creating emotion:&nbsp;<\/p>\n\n\n\n<p>\u00b7 Listen to the students preferred songs; pick up those accessible to his or her level to teach their transcription and interpretation,&nbsp;<\/p>\n\n\n\n<p>\u00b7 Teach methods from Yvon Rivoal (Carnets du guitariste), Georges Dandelot (Sight reading notes and rhythm), Jean-Marc Allerme (Singing) and try through a number of musical opportunities to teach instrument technique and the musical language spirit.<\/p>\n\n\n\n<p>Music is a loyal source of joy that I offer you to share.<\/p>\n\n\n\n<div class=\"wp-block-columns is-layout-flex wp-container-core-columns-is-layout-9d6595d7 wp-block-columns-is-layout-flex\">\n<div class=\"wp-block-column is-layout-flow wp-block-column-is-layout-flow\">\n<figure class=\"wp-block-image size-full is-resized\"><img loading=\"lazy\" decoding=\"async\" width=\"327\" height=\"160\" src=\"https:\/\/www.accord-melodique.com\/cms\/wp-content\/uploads\/2024\/06\/guitarron-1.png\" alt=\"\" class=\"wp-image-209\" style=\"width:431px;height:auto\" srcset=\"https:\/\/www.accord-melodique.com\/cms\/wp-content\/uploads\/2024\/06\/guitarron-1.png 327w, https:\/\/www.accord-melodique.com\/cms\/wp-content\/uploads\/2024\/06\/guitarron-1-300x147.png 300w, https:\/\/www.accord-melodique.com\/cms\/wp-content\/uploads\/2024\/06\/guitarron-1-18x9.png 18w\" sizes=\"auto, (max-width: 327px) 100vw, 327px\" \/><figcaption class=\"wp-element-caption\"><strong>Guitarr\u00f3n&nbsp;<\/strong>: instrument d\u2019origine mexicaine qui produit un son \u00e9quivalent \u00e0 celui de la Contrebasse<\/figcaption><\/figure>\n<\/div>\n\n\n\n<div class=\"wp-block-column is-layout-flow wp-block-column-is-layout-flow\">\n<figure class=\"wp-block-image size-full is-resized\"><img loading=\"lazy\" decoding=\"async\" width=\"267\" height=\"189\" src=\"https:\/\/www.accord-melodique.com\/cms\/wp-content\/uploads\/2024\/06\/TeteBasse.png\" alt=\"\" class=\"wp-image-211\" style=\"width:297px;height:auto\" srcset=\"https:\/\/www.accord-melodique.com\/cms\/wp-content\/uploads\/2024\/06\/TeteBasse.png 267w, https:\/\/www.accord-melodique.com\/cms\/wp-content\/uploads\/2024\/06\/TeteBasse-18x12.png 18w\" sizes=\"auto, (max-width: 267px) 100vw, 267px\" \/><figcaption class=\"wp-element-caption\">T\u00eate de&nbsp;<strong>Fender Jazz Bass<\/strong>, probablement le mod\u00e8le de basse le plus appr\u00e9ci\u00e9 des musiciens comme des fans \u2026<\/figcaption><\/figure>\n<\/div>\n<\/div>","protected":false},"excerpt":{"rendered":"<p>Philippe Merlin Guitare, chant, piano, guitare basse, composition, arrangement Musique et P\u00e9dagogie : D\u00e8s mon enfance en Espagne dans les ann\u00e9es soixante, j\u2019\u00e9coute Vivaldi et les Beatles et commence la guitare \u00e0 9 ans, pour choisir le violon \u00e0 10 ans puis revenir \u00e0 la guitare \u00e0 13 ans.&nbsp; Je monte mon premier groupe de [&hellip;]<\/p>","protected":false},"author":1,"featured_media":0,"parent":0,"menu_order":2,"comment_status":"closed","ping_status":"closed","template":"page.php","meta":{"_kadence_starter_templates_imported_post":false,"footnotes":""},"class_list":["post-115","page","type-page","status-publish","hentry"],"_links":{"self":[{"href":"https:\/\/www.accord-melodique.com\/cms\/en\/wp-json\/wp\/v2\/pages\/115","targetHints":{"allow":["GET"]}}],"collection":[{"href":"https:\/\/www.accord-melodique.com\/cms\/en\/wp-json\/wp\/v2\/pages"}],"about":[{"href":"https:\/\/www.accord-melodique.com\/cms\/en\/wp-json\/wp\/v2\/types\/page"}],"author":[{"embeddable":true,"href":"https:\/\/www.accord-melodique.com\/cms\/en\/wp-json\/wp\/v2\/users\/1"}],"replies":[{"embeddable":true,"href":"https:\/\/www.accord-melodique.com\/cms\/en\/wp-json\/wp\/v2\/comments?post=115"}],"version-history":[{"count":13,"href":"https:\/\/www.accord-melodique.com\/cms\/en\/wp-json\/wp\/v2\/pages\/115\/revisions"}],"predecessor-version":[{"id":222,"href":"https:\/\/www.accord-melodique.com\/cms\/en\/wp-json\/wp\/v2\/pages\/115\/revisions\/222"}],"wp:attachment":[{"href":"https:\/\/www.accord-melodique.com\/cms\/en\/wp-json\/wp\/v2\/media?parent=115"}],"curies":[{"name":"wp","href":"https:\/\/api.w.org\/{rel}","templated":true}]}}