{"id":113,"date":"2024-06-09T17:53:31","date_gmt":"2024-06-09T15:53:31","guid":{"rendered":"https:\/\/www.accord-melodique.com\/cms\/index.php\/about\/"},"modified":"2024-07-10T15:41:34","modified_gmt":"2024-07-10T13:41:34","slug":"about","status":"publish","type":"page","link":"https:\/\/www.accord-melodique.com\/cms\/en\/","title":{"rendered":"Home"},"content":{"rendered":"<p class=\"has-text-align-left has-medium-font-size\"><strong><strong>Private guitar teacher<\/strong><\/strong><\/p>\n\n\n\n<p class=\"has-text-align-left\">Piano, singing and bass guitar beginners\u2019 teacher<\/p>\n\n\n\n<p class=\"has-large-font-size\"><strong>Play the music you like!<\/strong><\/p>\n\n\n\n<p><strong>Listening, groove and technique<\/strong><\/p>\n\n\n\n<p>You already play or wish to play guitar: I can help you progress.<br>Beginner or soul player, you seek to overcome your limit, to play the music you like: classical, jazz, rock ... Your music!<\/p>\n\n\n\n<p><br>Music teaching is my passion: discover your talent to overcome your difficulties.<br>Music is an oral tradition born from listening to each other, to nature and to the sound of materials. It is also a written narrative, interpreted and shared by all cultures of the world.<br><\/p>\n\n\n\n<p>To learn music is to access an immense artwork, intimately shared.<br>Our body both produces and welcomes emotion. If your body and your spirit are in harmony, music is yours!<\/p>\n\n\n\n<p class=\"has-text-align-right\"><\/p>\n\n\n\n<div class=\"wp-block-columns is-layout-flex wp-container-core-columns-is-layout-9d6595d7 wp-block-columns-is-layout-flex\">\n<div class=\"wp-block-column is-layout-flow wp-block-column-is-layout-flow\">\n<figure class=\"wp-block-image size-full\"><a href=\"https:\/\/lutherie-guitare.org\/wiki\/Antonio_de_Torres\"><img loading=\"lazy\" decoding=\"async\" width=\"368\" height=\"150\" src=\"https:\/\/www.accord-melodique.com\/cms\/wp-content\/uploads\/2024\/06\/Classqiue3.png\" alt=\"\" class=\"wp-image-187\" srcset=\"https:\/\/www.accord-melodique.com\/cms\/wp-content\/uploads\/2024\/06\/Classqiue3.png 368w, https:\/\/www.accord-melodique.com\/cms\/wp-content\/uploads\/2024\/06\/Classqiue3-300x122.png 300w, https:\/\/www.accord-melodique.com\/cms\/wp-content\/uploads\/2024\/06\/Classqiue3-18x7.png 18w\" sizes=\"auto, (max-width: 368px) 100vw, 368px\" \/><\/a><figcaption class=\"wp-element-caption\">Created in 1874 by Spanish luthier Antonio de Torres<\/figcaption><\/figure>\n<\/div>\n\n\n\n<div class=\"wp-block-column is-layout-flow wp-block-column-is-layout-flow\">\n<figure class=\"wp-block-image size-full\"><a href=\"https:\/\/collectionsdumusee.philharmoniedeparis.fr\/0701355-portrait-leo-fender.aspx?_lg=fr-FR\"><img loading=\"lazy\" decoding=\"async\" width=\"393\" height=\"135\" src=\"https:\/\/www.accord-melodique.com\/cms\/wp-content\/uploads\/2024\/06\/fender2.png\" alt=\"\" class=\"wp-image-188\" srcset=\"https:\/\/www.accord-melodique.com\/cms\/wp-content\/uploads\/2024\/06\/fender2.png 393w, https:\/\/www.accord-melodique.com\/cms\/wp-content\/uploads\/2024\/06\/fender2-300x103.png 300w, https:\/\/www.accord-melodique.com\/cms\/wp-content\/uploads\/2024\/06\/fender2-18x6.png 18w\" sizes=\"auto, (max-width: 393px) 100vw, 393px\" \/><\/a><figcaption class=\"wp-element-caption\">Created in 1954 in the USA by Leo Fender and Doc Kaufmann, in accordance to Freddie Tavares sketches<\/figcaption><\/figure>\n<\/div>\n<\/div>\n\n\n\n<div class=\"wp-block-group\"><div class=\"wp-block-group__inner-container is-layout-constrained wp-block-group-is-layout-constrained\"><div class=\"wp-block-image\">\n<figure class=\"aligncenter size-full is-resized\"><a href=\"https:\/\/www.accord-melodique.com\/cms\/en\/enseignement-sur-internet\/\"><img loading=\"lazy\" decoding=\"async\" width=\"948\" height=\"800\" src=\"http:\/\/www.accord-melodique.com\/cms\/wp-content\/uploads\/2024\/07\/internet_E.png\" alt=\"\" class=\"wp-image-224\" style=\"width:146px;height:auto\" srcset=\"https:\/\/www.accord-melodique.com\/cms\/wp-content\/uploads\/2024\/07\/internet_E.png 948w, https:\/\/www.accord-melodique.com\/cms\/wp-content\/uploads\/2024\/07\/internet_E-300x253.png 300w, https:\/\/www.accord-melodique.com\/cms\/wp-content\/uploads\/2024\/07\/internet_E-768x648.png 768w, https:\/\/www.accord-melodique.com\/cms\/wp-content\/uploads\/2024\/07\/internet_E-14x12.png 14w\" sizes=\"auto, (max-width: 948px) 100vw, 948px\" \/><\/a><\/figure>\n<\/div><\/div><\/div>","protected":false},"excerpt":{"rendered":"<p>Cours de guitare et d\u2019initiation au piano, au chant et \u00e0 la guitare basse Jouez la musique que vous aimez Plaisir, \u00e9coute&nbsp;et technique Vous jouez de la guitare ou projetez d\u2019en jouer : je peux vous aider \u00e0 progresser.D\u00e9butant ou confirm\u00e9, vous cherchez \u00e0 d\u00e9passer vos limites, \u00e0 interpr\u00e9ter la musique que vous aimez : [&hellip;]<\/p>","protected":false},"author":1,"featured_media":0,"parent":0,"menu_order":1,"comment_status":"closed","ping_status":"closed","template":"template\/template-about.php","meta":{"_kadence_starter_templates_imported_post":false,"footnotes":""},"class_list":["post-113","page","type-page","status-publish","hentry"],"_links":{"self":[{"href":"https:\/\/www.accord-melodique.com\/cms\/en\/wp-json\/wp\/v2\/pages\/113","targetHints":{"allow":["GET"]}}],"collection":[{"href":"https:\/\/www.accord-melodique.com\/cms\/en\/wp-json\/wp\/v2\/pages"}],"about":[{"href":"https:\/\/www.accord-melodique.com\/cms\/en\/wp-json\/wp\/v2\/types\/page"}],"author":[{"embeddable":true,"href":"https:\/\/www.accord-melodique.com\/cms\/en\/wp-json\/wp\/v2\/users\/1"}],"replies":[{"embeddable":true,"href":"https:\/\/www.accord-melodique.com\/cms\/en\/wp-json\/wp\/v2\/comments?post=113"}],"version-history":[{"count":43,"href":"https:\/\/www.accord-melodique.com\/cms\/en\/wp-json\/wp\/v2\/pages\/113\/revisions"}],"predecessor-version":[{"id":370,"href":"https:\/\/www.accord-melodique.com\/cms\/en\/wp-json\/wp\/v2\/pages\/113\/revisions\/370"}],"wp:attachment":[{"href":"https:\/\/www.accord-melodique.com\/cms\/en\/wp-json\/wp\/v2\/media?parent=113"}],"curies":[{"name":"wp","href":"https:\/\/api.w.org\/{rel}","templated":true}]}}